{"id":575,"date":"2024-07-07T23:56:25","date_gmt":"2024-07-07T23:56:25","guid":{"rendered":"https:\/\/brenllaseguros.gal\/aseguradoras\/"},"modified":"2024-11-25T18:30:30","modified_gmt":"2024-11-25T18:30:30","slug":"aseguradoras","status":"publish","type":"page","link":"https:\/\/brenllaseguros.gal\/es\/aseguradoras\/","title":{"rendered":"Aseguradoras"},"content":{"rendered":"<p>[et_pb_section fb_built=\u00bb1&#8243; admin_label=\u00bbHeader\u00bb _builder_version=\u00bb4.16&#8243; _module_preset=\u00bbdefault\u00bb custom_margin=\u00bb-163px|||||\u00bb global_colors_info=\u00bb{}\u00bb][et_pb_row _builder_version=\u00bb4.16&#8243; _module_preset=\u00bbdefault\u00bb custom_padding=\u00bb||||false|false\u00bb global_colors_info=\u00bb{}\u00bb][et_pb_column type=\u00bb4_4&#8243; _builder_version=\u00bb4.16&#8243; _module_preset=\u00bbdefault\u00bb global_colors_info=\u00bb{}\u00bb][et_pb_text _builder_version=\u00bb4.26.0&#8243; _module_preset=\u00bbdefault\u00bb header_font=\u00bb|700|||||||\u00bb header_text_color=\u00bb#003E51&#8243; header_font_size=\u00bb80px\u00bb header_line_height=\u00bb1.1em\u00bb header_2_font=\u00bbRoboto|700||on|||||\u00bb header_2_text_color=\u00bbrgba(44,44,44,0.5)\u00bb header_2_font_size=\u00bb12px\u00bb header_2_letter_spacing=\u00bb1px\u00bb header_2_line_height=\u00bb1.3em\u00bb text_orientation=\u00bbcenter\u00bb text_font_size_tablet=\u00bb\u00bb text_font_size_phone=\u00bb\u00bb text_font_size_last_edited=\u00bbon|desktop\u00bb header_font_size_tablet=\u00bb44px\u00bb header_font_size_phone=\u00bb32px\u00bb header_font_size_last_edited=\u00bbon|phone\u00bb locked=\u00bboff\u00bb global_colors_info=\u00bb{}\u00bb]<\/p>\n<h2>Seguro<\/h2>\n<h1>Aseguradoras<\/h1>\n<p>[\/et_pb_text][\/et_pb_column][\/et_pb_row][\/et_pb_section][et_pb_section fb_built=\u00bb1&#8243; admin_label=\u00bbContent\u00bb _builder_version=\u00bb4.16&#8243; _module_preset=\u00bbdefault\u00bb custom_padding=\u00bb0px||5px|||\u00bb locked=\u00bboff\u00bb global_colors_info=\u00bb{}\u00bb][et_pb_row _builder_version=\u00bb4.26.0&#8243; _module_preset=\u00bbdefault\u00bb module_alignment=\u00bbcenter\u00bb custom_margin=\u00bb|411px||auto||\u00bb global_colors_info=\u00bb{}\u00bb][et_pb_column type=\u00bb4_4&#8243; _builder_version=\u00bb4.16&#8243; _module_preset=\u00bbdefault\u00bb global_colors_info=\u00bb{}\u00bb][et_pb_text _builder_version=\u00bb4.26.0&#8243; _module_preset=\u00bbfb3d65bf-a8b3-4897-95f4-4b2325e4d896&#8243; text_font_size=\u00bb18px\u00bb text_line_height=\u00bb2.3em\u00bb link_text_color=\u00bb#003E51&#8243; header_3_font=\u00bb|700|||||||\u00bb header_3_font_size=\u00bb16px\u00bb header_3_line_height=\u00bb1.3em\u00bb text_orientation=\u00bbcenter\u00bb text_font_size_tablet=\u00bb15px\u00bb text_font_size_phone=\u00bb14px\u00bb text_font_size_last_edited=\u00bbon|phone\u00bb locked=\u00bboff\u00bb global_colors_info=\u00bb{}\u00bb]<\/p>\n<p>Estas son algunas de las aseguradoras con las que trabajamos<\/p>\n<p>[\/et_pb_text][\/et_pb_column][\/et_pb_row][\/et_pb_section][et_pb_section fb_built=\u00bb1&#8243; _builder_version=\u00bb4.26.0&#8243; _module_preset=\u00bbdefault\u00bb custom_padding=\u00bb2px|||||\u00bb locked=\u00bboff\u00bb global_colors_info=\u00bb{}\u00bb][et_pb_row column_structure=\u00bb1_2,1_2&#8243; _builder_version=\u00bb4.26.0&#8243; _module_preset=\u00bbdefault\u00bb global_colors_info=\u00bb{}\u00bb][et_pb_column type=\u00bb1_2&#8243; _builder_version=\u00bb4.26.0&#8243; _module_preset=\u00bbdefault\u00bb global_colors_info=\u00bb{}\u00bb][et_pb_image src=\u00bbhttps:\/\/brenllaseguros.gal\/wp-content\/uploads\/2024\/07\/allianz-1.jpg\u00bb alt=\u00bbAllianz\u00bb title_text=\u00bbAllianz\u00bb _builder_version=\u00bb4.26.0&#8243; _module_preset=\u00bbdefault\u00bb global_colors_info=\u00bb{}\u00bb][\/et_pb_image][et_pb_image src=\u00bbhttps:\/\/brenllaseguros.gal\/wp-content\/uploads\/2024\/07\/fiatc-1.jpg\u00bb alt=\u00bbFiatc\u00bb title_text=\u00bbFiatc\u00bb _builder_version=\u00bb4.26.0&#8243; _module_preset=\u00bbdefault\u00bb global_colors_info=\u00bb{}\u00bb][\/et_pb_image][\/et_pb_column][et_pb_column type=\u00bb1_2&#8243; _builder_version=\u00bb4.26.0&#8243; _module_preset=\u00bbdefault\u00bb global_colors_info=\u00bb{}\u00bb][et_pb_image src=\u00bbhttps:\/\/brenllaseguros.gal\/wp-content\/uploads\/2024\/07\/axa.jpg\u00bb alt=\u00bbAxa\u00bb title_text=\u00bbAxa\u00bb align=\u00bbcenter\u00bb _builder_version=\u00bb4.26.0&#8243; _module_preset=\u00bbdefault\u00bb height=\u00bb202px\u00bb global_colors_info=\u00bb{}\u00bb][\/et_pb_image][et_pb_image src=\u00bbhttps:\/\/brenllaseguros.gal\/wp-content\/uploads\/2024\/07\/Occident-1.png\u00bb alt=\u00bbOccident\u00bb title_text=\u00bbOccident\u00bb _builder_version=\u00bb4.26.0&#8243; _module_preset=\u00bbdefault\u00bb global_colors_info=\u00bb{}\u00bb][\/et_pb_image][\/et_pb_column][\/et_pb_row][\/et_pb_section]<\/p>\n","protected":false},"excerpt":{"rendered":"<p>Seguro AseguradorasEstas son algunas de las aseguradoras con las que trabajamos<\/p>\n","protected":false},"author":1,"featured_media":584,"parent":0,"menu_order":0,"comment_status":"closed","ping_status":"closed","template":"","meta":{"_et_pb_use_builder":"on","_et_pb_old_content":"","_et_gb_content_width":"","footnotes":""},"class_list":["post-575","page","type-page","status-publish","has-post-thumbnail","hentry"],"yoast_head":"<!-- This site is optimized with the Yoast SEO plugin v27.4 - https:\/\/yoast.com\/product\/yoast-seo-wordpress\/ -->\n<title>Aseguradoras - Brenlla Seguros, Corredur\u00eda de seguros en Santiago de Compostela<\/title>\n<meta name=\"description\" content=\"Encuentra las mejores aseguradoras en Brenlla Seguros. Comparaci\u00f3n de p\u00f3lizas y precios para encontrar la mejor opci\u00f3n para ti.\" \/>\n<meta name=\"robots\" content=\"index, follow, max-snippet:-1, max-image-preview:large, max-video-preview:-1\" \/>\n<link rel=\"canonical\" href=\"https:\/\/brenllaseguros.gal\/es\/aseguradoras\/\" \/>\n<meta property=\"og:locale\" content=\"es_ES\" \/>\n<meta property=\"og:type\" content=\"article\" \/>\n<meta property=\"og:title\" content=\"Aseguradoras - Brenlla Seguros, Corredur\u00eda de seguros en Santiago de Compostela\" \/>\n<meta property=\"og:description\" content=\"Encuentra las mejores aseguradoras en Brenlla Seguros. Comparaci\u00f3n de p\u00f3lizas y precios para encontrar la mejor opci\u00f3n para ti.\" \/>\n<meta property=\"og:url\" content=\"https:\/\/brenllaseguros.gal\/es\/aseguradoras\/\" \/>\n<meta property=\"og:site_name\" content=\"Brenlla Seguros, Corredur\u00eda de seguros en Santiago de Compostela\" \/>\n<meta property=\"article:modified_time\" content=\"2024-11-25T18:30:30+00:00\" \/>\n<meta property=\"og:image\" content=\"https:\/\/brenllaseguros.gal\/wp-content\/uploads\/2024\/07\/cropped-favicon-brenlla-seguros.jpg\" \/>\n\t<meta property=\"og:image:width\" content=\"512\" \/>\n\t<meta property=\"og:image:height\" content=\"512\" \/>\n\t<meta property=\"og:image:type\" content=\"image\/jpeg\" \/>\n<meta name=\"twitter:card\" content=\"summary_large_image\" \/>\n<meta name=\"twitter:label1\" content=\"Tiempo de lectura\" \/>\n\t<meta name=\"twitter:data1\" content=\"2 minutos\" \/>\n<script type=\"application\/ld+json\" class=\"yoast-schema-graph\">{\"@context\":\"https:\\\/\\\/schema.org\",\"@graph\":[{\"@type\":\"WebPage\",\"@id\":\"https:\\\/\\\/brenllaseguros.gal\\\/es\\\/aseguradoras\\\/\",\"url\":\"https:\\\/\\\/brenllaseguros.gal\\\/es\\\/aseguradoras\\\/\",\"name\":\"Aseguradoras - Brenlla Seguros, Corredur\u00eda de seguros en Santiago de Compostela\",\"isPartOf\":{\"@id\":\"https:\\\/\\\/brenllaseguros.gal\\\/#website\"},\"primaryImageOfPage\":{\"@id\":\"https:\\\/\\\/brenllaseguros.gal\\\/es\\\/aseguradoras\\\/#primaryimage\"},\"image\":{\"@id\":\"https:\\\/\\\/brenllaseguros.gal\\\/es\\\/aseguradoras\\\/#primaryimage\"},\"thumbnailUrl\":\"https:\\\/\\\/brenllaseguros.gal\\\/wp-content\\\/uploads\\\/2024\\\/07\\\/cropped-favicon-brenlla-seguros.jpg\",\"datePublished\":\"2024-07-07T23:56:25+00:00\",\"dateModified\":\"2024-11-25T18:30:30+00:00\",\"description\":\"Encuentra las mejores aseguradoras en Brenlla Seguros. Comparaci\u00f3n de p\u00f3lizas y precios para encontrar la mejor opci\u00f3n para ti.\",\"breadcrumb\":{\"@id\":\"https:\\\/\\\/brenllaseguros.gal\\\/es\\\/aseguradoras\\\/#breadcrumb\"},\"inLanguage\":\"es\",\"potentialAction\":[{\"@type\":\"ReadAction\",\"target\":[\"https:\\\/\\\/brenllaseguros.gal\\\/es\\\/aseguradoras\\\/\"]}]},{\"@type\":\"ImageObject\",\"inLanguage\":\"es\",\"@id\":\"https:\\\/\\\/brenllaseguros.gal\\\/es\\\/aseguradoras\\\/#primaryimage\",\"url\":\"https:\\\/\\\/brenllaseguros.gal\\\/wp-content\\\/uploads\\\/2024\\\/07\\\/cropped-favicon-brenlla-seguros.jpg\",\"contentUrl\":\"https:\\\/\\\/brenllaseguros.gal\\\/wp-content\\\/uploads\\\/2024\\\/07\\\/cropped-favicon-brenlla-seguros.jpg\",\"width\":512,\"height\":512},{\"@type\":\"BreadcrumbList\",\"@id\":\"https:\\\/\\\/brenllaseguros.gal\\\/es\\\/aseguradoras\\\/#breadcrumb\",\"itemListElement\":[{\"@type\":\"ListItem\",\"position\":1,\"name\":\"Portada\",\"item\":\"https:\\\/\\\/brenllaseguros.gal\\\/es\\\/\"},{\"@type\":\"ListItem\",\"position\":2,\"name\":\"Aseguradoras\"}]},{\"@type\":\"WebSite\",\"@id\":\"https:\\\/\\\/brenllaseguros.gal\\\/#website\",\"url\":\"https:\\\/\\\/brenllaseguros.gal\\\/\",\"name\":\"Brenlla Seguros, Corredur\u00eda de seguros en Santiago de Compostela\",\"description\":\"\",\"potentialAction\":[{\"@type\":\"SearchAction\",\"target\":{\"@type\":\"EntryPoint\",\"urlTemplate\":\"https:\\\/\\\/brenllaseguros.gal\\\/?s={search_term_string}\"},\"query-input\":{\"@type\":\"PropertyValueSpecification\",\"valueRequired\":true,\"valueName\":\"search_term_string\"}}],\"inLanguage\":\"es\"}]}<\/script>\n<!-- \/ Yoast SEO plugin. -->","yoast_head_json":{"title":"Aseguradoras - Brenlla Seguros, Corredur\u00eda de seguros en Santiago de Compostela","description":"Encuentra las mejores aseguradoras en Brenlla Seguros. Comparaci\u00f3n de p\u00f3lizas y precios para encontrar la mejor opci\u00f3n para ti.","robots":{"index":"index","follow":"follow","max-snippet":"max-snippet:-1","max-image-preview":"max-image-preview:large","max-video-preview":"max-video-preview:-1"},"canonical":"https:\/\/brenllaseguros.gal\/es\/aseguradoras\/","og_locale":"es_ES","og_type":"article","og_title":"Aseguradoras - Brenlla Seguros, Corredur\u00eda de seguros en Santiago de Compostela","og_description":"Encuentra las mejores aseguradoras en Brenlla Seguros. Comparaci\u00f3n de p\u00f3lizas y precios para encontrar la mejor opci\u00f3n para ti.","og_url":"https:\/\/brenllaseguros.gal\/es\/aseguradoras\/","og_site_name":"Brenlla Seguros, Corredur\u00eda de seguros en Santiago de Compostela","article_modified_time":"2024-11-25T18:30:30+00:00","og_image":[{"width":512,"height":512,"url":"https:\/\/brenllaseguros.gal\/wp-content\/uploads\/2024\/07\/cropped-favicon-brenlla-seguros.jpg","type":"image\/jpeg"}],"twitter_card":"summary_large_image","twitter_misc":{"Tiempo de lectura":"2 minutos"},"schema":{"@context":"https:\/\/schema.org","@graph":[{"@type":"WebPage","@id":"https:\/\/brenllaseguros.gal\/es\/aseguradoras\/","url":"https:\/\/brenllaseguros.gal\/es\/aseguradoras\/","name":"Aseguradoras - Brenlla Seguros, Corredur\u00eda de seguros en Santiago de Compostela","isPartOf":{"@id":"https:\/\/brenllaseguros.gal\/#website"},"primaryImageOfPage":{"@id":"https:\/\/brenllaseguros.gal\/es\/aseguradoras\/#primaryimage"},"image":{"@id":"https:\/\/brenllaseguros.gal\/es\/aseguradoras\/#primaryimage"},"thumbnailUrl":"https:\/\/brenllaseguros.gal\/wp-content\/uploads\/2024\/07\/cropped-favicon-brenlla-seguros.jpg","datePublished":"2024-07-07T23:56:25+00:00","dateModified":"2024-11-25T18:30:30+00:00","description":"Encuentra las mejores aseguradoras en Brenlla Seguros. Comparaci\u00f3n de p\u00f3lizas y precios para encontrar la mejor opci\u00f3n para ti.","breadcrumb":{"@id":"https:\/\/brenllaseguros.gal\/es\/aseguradoras\/#breadcrumb"},"inLanguage":"es","potentialAction":[{"@type":"ReadAction","target":["https:\/\/brenllaseguros.gal\/es\/aseguradoras\/"]}]},{"@type":"ImageObject","inLanguage":"es","@id":"https:\/\/brenllaseguros.gal\/es\/aseguradoras\/#primaryimage","url":"https:\/\/brenllaseguros.gal\/wp-content\/uploads\/2024\/07\/cropped-favicon-brenlla-seguros.jpg","contentUrl":"https:\/\/brenllaseguros.gal\/wp-content\/uploads\/2024\/07\/cropped-favicon-brenlla-seguros.jpg","width":512,"height":512},{"@type":"BreadcrumbList","@id":"https:\/\/brenllaseguros.gal\/es\/aseguradoras\/#breadcrumb","itemListElement":[{"@type":"ListItem","position":1,"name":"Portada","item":"https:\/\/brenllaseguros.gal\/es\/"},{"@type":"ListItem","position":2,"name":"Aseguradoras"}]},{"@type":"WebSite","@id":"https:\/\/brenllaseguros.gal\/#website","url":"https:\/\/brenllaseguros.gal\/","name":"Brenlla Seguros, Corredur\u00eda de seguros en Santiago de Compostela","description":"","potentialAction":[{"@type":"SearchAction","target":{"@type":"EntryPoint","urlTemplate":"https:\/\/brenllaseguros.gal\/?s={search_term_string}"},"query-input":{"@type":"PropertyValueSpecification","valueRequired":true,"valueName":"search_term_string"}}],"inLanguage":"es"}]}},"_links":{"self":[{"href":"https:\/\/brenllaseguros.gal\/es\/wp-json\/wp\/v2\/pages\/575","targetHints":{"allow":["GET"]}}],"collection":[{"href":"https:\/\/brenllaseguros.gal\/es\/wp-json\/wp\/v2\/pages"}],"about":[{"href":"https:\/\/brenllaseguros.gal\/es\/wp-json\/wp\/v2\/types\/page"}],"author":[{"embeddable":true,"href":"https:\/\/brenllaseguros.gal\/es\/wp-json\/wp\/v2\/users\/1"}],"replies":[{"embeddable":true,"href":"https:\/\/brenllaseguros.gal\/es\/wp-json\/wp\/v2\/comments?post=575"}],"version-history":[{"count":3,"href":"https:\/\/brenllaseguros.gal\/es\/wp-json\/wp\/v2\/pages\/575\/revisions"}],"predecessor-version":[{"id":742,"href":"https:\/\/brenllaseguros.gal\/es\/wp-json\/wp\/v2\/pages\/575\/revisions\/742"}],"wp:featuredmedia":[{"embeddable":true,"href":"https:\/\/brenllaseguros.gal\/es\/wp-json\/wp\/v2\/media\/584"}],"wp:attachment":[{"href":"https:\/\/brenllaseguros.gal\/es\/wp-json\/wp\/v2\/media?parent=575"}],"curies":[{"name":"wp","href":"https:\/\/api.w.org\/{rel}","templated":true}]}}