{"id":592,"date":"2024-07-07T17:39:06","date_gmt":"2024-07-07T17:39:06","guid":{"rendered":"https:\/\/brenllaseguros.gal\/seguros\/"},"modified":"2024-11-25T18:37:02","modified_gmt":"2024-11-25T18:37:02","slug":"seguros","status":"publish","type":"page","link":"https:\/\/brenllaseguros.gal\/es\/seguros\/","title":{"rendered":"Seguros"},"content":{"rendered":"<p>[et_pb_section fb_built=\u00bb1&#8243; admin_label=\u00bbContact Info\u00bb _builder_version=\u00bb4.16&#8243; custom_margin=\u00bb-68px|||||\u00bb custom_padding=\u00bb|||\u00bb locked=\u00bboff\u00bb global_colors_info=\u00bb{}\u00bb][et_pb_row column_structure=\u00bb1_3,1_3,1_3&#8243; _builder_version=\u00bb4.26.0&#8243; background_color=\u00bb#ffffff\u00bb global_colors_info=\u00bb{}\u00bb][et_pb_column type=\u00bb1_3&#8243; _builder_version=\u00bb4.16&#8243; custom_padding=\u00bb|||\u00bb global_colors_info=\u00bb{}\u00bb custom_padding__hover=\u00bb|||\u00bb][et_pb_blurb title=\u00bbHogar\u00bb url=\u00bb@ET-DC@eyJkeW5hbWljIjp0cnVlLCJjb250ZW50IjoicG9zdF9saW5rX3VybF9wYWdlIiwic2V0dGluZ3MiOnsicG9zdF9pZCI6IjE4NiJ9fQ==@\u00bb image=\u00bbhttps:\/\/brenllaseguros.gal\/wp-content\/uploads\/2024\/07\/p-seguro-de-hogar.jpg\u00bb alt=\u00bbSeguro de hogar\u00bb content_max_width=\u00bb1100px\u00bb _builder_version=\u00bb4.26.0&#8243; _dynamic_attributes=\u00bburl\u00bb header_font=\u00bb||||||||\u00bb header_line_height=\u00bb1.6em\u00bb body_font=\u00bbMontserrat|300|||||||\u00bb body_font_size=\u00bb16px\u00bb body_line_height=\u00bb2em\u00bb background_color=\u00bb#FFFFFF\u00bb text_orientation=\u00bbcenter\u00bb custom_padding=\u00bb30px|30px|30px|30px|true|true\u00bb animation_style=\u00bbzoom\u00bb animation_delay=\u00bb250ms\u00bb animation_intensity_zoom=\u00bb10%\u00bb animation=\u00bboff\u00bb background_last_edited=\u00bbon|desktop\u00bb border_radii=\u00bbon|10px|10px|10px|10px\u00bb box_shadow_style=\u00bbpreset3&#8243; box_shadow_vertical=\u00bb10px\u00bb box_shadow_blur=\u00bb80px\u00bb box_shadow_spread=\u00bb-10px\u00bb box_shadow_color=\u00bbrgba(44,54,92,0.2)\u00bb global_colors_info=\u00bb{}\u00bb background_color__hover=\u00bbrgba(237,192,187,0.73)\u00bb background__hover_enabled=\u00bbon|hover\u00bb background_enable_color__hover=\u00bbon\u00bb]<\/p>\n<p>Protege tu hogar de incendios, robos y da\u00f1os por agua con nuestro seguro de hogar dise\u00f1ado para proteger tanto la estructura como tus pertenencias, garantizando tu tranquilidad y seguridad.<\/p>\n<p>[\/et_pb_blurb][\/et_pb_column][et_pb_column type=\u00bb1_3&#8243; _builder_version=\u00bb4.16&#8243; custom_padding=\u00bb|||\u00bb global_colors_info=\u00bb{}\u00bb custom_padding__hover=\u00bb|||\u00bb][et_pb_blurb title=\u00bbAuto\u00bb url=\u00bb@ET-DC@eyJkeW5hbWljIjp0cnVlLCJjb250ZW50IjoicG9zdF9saW5rX3VybF9wYWdlIiwic2V0dGluZ3MiOnsicG9zdF9pZCI6IjE4OCJ9fQ==@\u00bb image=\u00bbhttps:\/\/brenllaseguros.gal\/wp-content\/uploads\/2024\/07\/p-seguro-de-coche.jpg\u00bb alt=\u00bbSeguro de coche\u00bb content_max_width=\u00bb1100px\u00bb _builder_version=\u00bb4.26.0&#8243; _dynamic_attributes=\u00bburl\u00bb header_font=\u00bb||||||||\u00bb header_line_height=\u00bb1.6em\u00bb body_font=\u00bbMontserrat|300|||||||\u00bb body_font_size=\u00bb16px\u00bb body_line_height=\u00bb2em\u00bb background_color=\u00bb#FFFFFF\u00bb text_orientation=\u00bbcenter\u00bb custom_padding=\u00bb30px|30px|30px|30px|true|true\u00bb animation_style=\u00bbzoom\u00bb animation_delay=\u00bb250ms\u00bb animation_intensity_zoom=\u00bb10%\u00bb animation=\u00bboff\u00bb background_last_edited=\u00bbon|desktop\u00bb border_radii=\u00bbon|10px|10px|10px|10px\u00bb box_shadow_style=\u00bbpreset3&#8243; box_shadow_vertical=\u00bb10px\u00bb box_shadow_blur=\u00bb80px\u00bb box_shadow_spread=\u00bb-10px\u00bb box_shadow_color=\u00bbrgba(44,54,92,0.2)\u00bb locked=\u00bboff\u00bb global_colors_info=\u00bb{}\u00bb background_color__hover=\u00bbrgba(237,192,187,0.73)\u00bb background_enable_color__hover=\u00bbon\u00bb background__hover_enabled=\u00bbon|hover\u00bb]<\/p>\n<p>Con nuestro seguro de coche disfruta de la tranquilidad de estar protegido contra da\u00f1os, robos y accidentes, con opciones flexibles y personalizadas que se adaptan a tu veh\u00edculo y a tu presupuesto.<\/p>\n<p>[\/et_pb_blurb][\/et_pb_column][et_pb_column type=\u00bb1_3&#8243; _builder_version=\u00bb4.16&#8243; custom_padding=\u00bb|||\u00bb global_colors_info=\u00bb{}\u00bb custom_padding__hover=\u00bb|||\u00bb][et_pb_blurb title=\u00bbResponsabilidad Civil\u00bb url=\u00bb@ET-DC@eyJkeW5hbWljIjp0cnVlLCJjb250ZW50IjoicG9zdF9saW5rX3VybF9wYWdlIiwic2V0dGluZ3MiOnsicG9zdF9pZCI6IjE5OSJ9fQ==@\u00bb image=\u00bbhttps:\/\/brenllaseguros.gal\/wp-content\/uploads\/2024\/07\/p-seguro-responsabilidad-civil.jpg\u00bb alt=\u00bbSeguro de responsabilidad civil\u00bb content_max_width=\u00bb1100px\u00bb _builder_version=\u00bb4.26.0&#8243; _dynamic_attributes=\u00bburl\u00bb header_font=\u00bb||||||||\u00bb header_line_height=\u00bb1.6em\u00bb body_font=\u00bbMontserrat|300|||||||\u00bb body_font_size=\u00bb16px\u00bb body_line_height=\u00bb2em\u00bb background_color=\u00bb#FFFFFF\u00bb text_orientation=\u00bbcenter\u00bb custom_padding=\u00bb30px|30px|30px|30px|true|true\u00bb animation_style=\u00bbzoom\u00bb animation_delay=\u00bb250ms\u00bb animation_intensity_zoom=\u00bb10%\u00bb animation=\u00bboff\u00bb background_last_edited=\u00bbon|desktop\u00bb border_radii=\u00bbon|10px|10px|10px|10px\u00bb box_shadow_style=\u00bbpreset3&#8243; box_shadow_vertical=\u00bb10px\u00bb box_shadow_blur=\u00bb80px\u00bb box_shadow_spread=\u00bb-10px\u00bb box_shadow_color=\u00bbrgba(44,54,92,0.2)\u00bb locked=\u00bboff\u00bb global_colors_info=\u00bb{}\u00bb background_color__hover=\u00bbrgba(237,192,187,0.73)\u00bb background_enable_color__hover=\u00bbon\u00bb background__hover_enabled=\u00bbon|hover\u00bb]<\/p>\n<p>Protege tu patrimonio ante posibles reclamaciones con nuestro seguro de responsabilidad civil, que cubre los da\u00f1os a terceros derivados de tu actividad personal, profesional o empresarial.<\/p>\n<p>[\/et_pb_blurb][\/et_pb_column][\/et_pb_row][et_pb_row column_structure=\u00bb1_3,1_3,1_3&#8243; _builder_version=\u00bb4.26.0&#8243; background_color=\u00bb#ffffff\u00bb global_colors_info=\u00bb{}\u00bb][et_pb_column type=\u00bb1_3&#8243; _builder_version=\u00bb4.16&#8243; custom_padding=\u00bb|||\u00bb global_colors_info=\u00bb{}\u00bb custom_padding__hover=\u00bb|||\u00bb][et_pb_blurb title=\u00bbSalud\u00bb url=\u00bb@ET-DC@eyJkeW5hbWljIjp0cnVlLCJjb250ZW50IjoicG9zdF9saW5rX3VybF9wYWdlIiwic2V0dGluZ3MiOnsicG9zdF9pZCI6IjQyMSJ9fQ==@\u00bb image=\u00bbhttps:\/\/brenllaseguros.gal\/wp-content\/uploads\/2024\/07\/p-seguro-de-salud.jpg\u00bb alt=\u00bbSeguro de salud\u00bb content_max_width=\u00bb1100px\u00bb _builder_version=\u00bb4.26.0&#8243; _dynamic_attributes=\u00bburl\u00bb header_font=\u00bb||||||||\u00bb header_line_height=\u00bb1.6em\u00bb body_font=\u00bbMontserrat|300|||||||\u00bb body_font_size=\u00bb16px\u00bb body_line_height=\u00bb2em\u00bb background_color=\u00bb#FFFFFF\u00bb text_orientation=\u00bbcenter\u00bb custom_padding=\u00bb30px|30px|30px|30px|true|true\u00bb animation_style=\u00bbzoom\u00bb animation_delay=\u00bb250ms\u00bb animation_intensity_zoom=\u00bb10%\u00bb animation=\u00bboff\u00bb background_last_edited=\u00bbon|desktop\u00bb border_radii=\u00bbon|10px|10px|10px|10px\u00bb box_shadow_style=\u00bbpreset3&#8243; box_shadow_vertical=\u00bb10px\u00bb box_shadow_blur=\u00bb80px\u00bb box_shadow_spread=\u00bb-10px\u00bb box_shadow_color=\u00bbrgba(44,54,92,0.2)\u00bb global_colors_info=\u00bb{}\u00bb background_color__hover=\u00bbrgba(237,192,187,0.73)\u00bb background_enable_color__hover=\u00bbon\u00bb background__hover_enabled=\u00bbon|hover\u00bb]<\/p>\n<p>Nuestros seguros de salud ofrecen acceso r\u00e1pido a servicios m\u00e9dicos de calidad, cubriendo consultas, tratamientos y hospitalizaciones. Elija entre nuestras diversas opciones. <\/p>\n<p>[\/et_pb_blurb][\/et_pb_column][et_pb_column type=\u00bb1_3&#8243; _builder_version=\u00bb4.16&#8243; custom_padding=\u00bb|||\u00bb global_colors_info=\u00bb{}\u00bb custom_padding__hover=\u00bb|||\u00bb][et_pb_blurb title=\u00bbVida\u00bb url=\u00bb@ET-DC@eyJkeW5hbWljIjp0cnVlLCJjb250ZW50IjoicG9zdF9saW5rX3VybF9wYWdlIiwic2V0dGluZ3MiOnsicG9zdF9pZCI6IjIzOSJ9fQ==@\u00bb image=\u00bbhttps:\/\/brenllaseguros.gal\/wp-content\/uploads\/2024\/07\/p-seguro-de-vida.jpg\u00bb alt=\u00bbSeguro de vida\u00bb content_max_width=\u00bb1100px\u00bb _builder_version=\u00bb4.26.0&#8243; _dynamic_attributes=\u00bburl\u00bb header_font=\u00bb||||||||\u00bb header_line_height=\u00bb1.6em\u00bb body_font=\u00bbMontserrat|300|||||||\u00bb body_font_size=\u00bb16px\u00bb body_line_height=\u00bb2em\u00bb background_color=\u00bb#FFFFFF\u00bb text_orientation=\u00bbcenter\u00bb custom_padding=\u00bb30px|30px|30px|30px|true|true\u00bb animation_style=\u00bbzoom\u00bb animation_delay=\u00bb250ms\u00bb animation_intensity_zoom=\u00bb10%\u00bb animation=\u00bboff\u00bb background_last_edited=\u00bbon|desktop\u00bb border_radii=\u00bbon|10px|10px|10px|10px\u00bb box_shadow_style=\u00bbpreset3&#8243; box_shadow_vertical=\u00bb10px\u00bb box_shadow_blur=\u00bb80px\u00bb box_shadow_spread=\u00bb-10px\u00bb box_shadow_color=\u00bbrgba(44,54,92,0.2)\u00bb locked=\u00bboff\u00bb global_colors_info=\u00bb{}\u00bb background_color__hover=\u00bbrgba(237,192,187,0.73)\u00bb background_enable_color__hover=\u00bbon\u00bb background__hover_enabled=\u00bbon|hover\u00bb]<\/p>\n<p>El seguro de vida protege financieramente a sus seres queridos en caso de su muerte. Ofrecemos opciones de cobertura adaptadas a sus necesidades. <\/p>\n<p>[\/et_pb_blurb][\/et_pb_column][et_pb_column type=\u00bb1_3&#8243; _builder_version=\u00bb4.16&#8243; custom_padding=\u00bb|||\u00bb global_colors_info=\u00bb{}\u00bb custom_padding__hover=\u00bb|||\u00bb][et_pb_blurb title=\u00bbMascotas\u00bb url=\u00bb@ET-DC@eyJkeW5hbWljIjp0cnVlLCJjb250ZW50IjoicG9zdF9saW5rX3VybF9wYWdlIiwic2V0dGluZ3MiOnsicG9zdF9pZCI6IjQ0NiJ9fQ==@\u00bb image=\u00bbhttps:\/\/brenllaseguros.gal\/wp-content\/uploads\/2024\/07\/seguro-para-mascotas.jpg\u00bb alt=\u00bbSeguro para mascotas\u00bb content_max_width=\u00bb1100px\u00bb _builder_version=\u00bb4.26.0&#8243; _dynamic_attributes=\u00bburl\u00bb header_font=\u00bb||||||||\u00bb header_line_height=\u00bb1.6em\u00bb body_font=\u00bbMontserrat|300|||||||\u00bb body_font_size=\u00bb16px\u00bb body_line_height=\u00bb2em\u00bb background_color=\u00bb#FFFFFF\u00bb text_orientation=\u00bbcenter\u00bb custom_padding=\u00bb30px|30px|30px|30px|true|true\u00bb animation_style=\u00bbzoom\u00bb animation_delay=\u00bb250ms\u00bb animation_intensity_zoom=\u00bb10%\u00bb animation=\u00bboff\u00bb background_last_edited=\u00bbon|desktop\u00bb border_radii=\u00bbon|10px|10px|10px|10px\u00bb box_shadow_style=\u00bbpreset3&#8243; box_shadow_vertical=\u00bb10px\u00bb box_shadow_blur=\u00bb80px\u00bb box_shadow_spread=\u00bb-10px\u00bb box_shadow_color=\u00bbrgba(44,54,92,0.2)\u00bb global_colors_info=\u00bb{}\u00bb background_color__hover=\u00bbrgba(237,192,187,0.73)\u00bb background_enable_color__hover=\u00bbon\u00bb background__hover_enabled=\u00bbon|hover\u00bb]<\/p>\n<p>Protege a tu mascota con nosotros: cobertura veterinaria, asistencia en siniestro y responsabilidad civil. Tranquilidad para ti y bienestar para tu amigo peludo. <\/p>\n<p>[\/et_pb_blurb][\/et_pb_column][\/et_pb_row][et_pb_row column_structure=\u00bb1_3,1_3,1_3&#8243; _builder_version=\u00bb4.26.0&#8243; background_color=\u00bb#ffffff\u00bb global_colors_info=\u00bb{}\u00bb][et_pb_column type=\u00bb1_3&#8243; _builder_version=\u00bb4.16&#8243; custom_padding=\u00bb|||\u00bb global_colors_info=\u00bb{}\u00bb custom_padding__hover=\u00bb|||\u00bb][et_pb_blurb title=\u00bbComunidades\u00bb url=\u00bb@ET-DC@eyJkeW5hbWljIjp0cnVlLCJjb250ZW50IjoicG9zdF9saW5rX3VybF9wYWdlIiwic2V0dGluZ3MiOnsicG9zdF9pZCI6IjE5MCJ9fQ==@\u00bb image=\u00bbhttps:\/\/brenllaseguros.gal\/wp-content\/uploads\/2024\/07\/p-seguro-de-comunidades.jpg\u00bb alt=\u00bbSeguro de comunidades\u00bb content_max_width=\u00bb1100px\u00bb _builder_version=\u00bb4.26.0&#8243; _dynamic_attributes=\u00bburl\u00bb header_font=\u00bb||||||||\u00bb header_line_height=\u00bb1.6em\u00bb body_font=\u00bbMontserrat|300|||||||\u00bb body_font_size=\u00bb16px\u00bb body_line_height=\u00bb2em\u00bb background_color=\u00bb#FFFFFF\u00bb text_orientation=\u00bbcenter\u00bb custom_padding=\u00bb30px|30px|30px|30px|true|true\u00bb animation_style=\u00bbzoom\u00bb animation_delay=\u00bb250ms\u00bb animation_intensity_zoom=\u00bb10%\u00bb animation=\u00bboff\u00bb background_last_edited=\u00bbon|desktop\u00bb border_radii=\u00bbon|10px|10px|10px|10px\u00bb box_shadow_style=\u00bbpreset3&#8243; box_shadow_vertical=\u00bb10px\u00bb box_shadow_blur=\u00bb80px\u00bb box_shadow_spread=\u00bb-10px\u00bb box_shadow_color=\u00bbrgba(44,54,92,0.2)\u00bb global_colors_info=\u00bb{}\u00bb background_color__hover=\u00bbrgba(237,192,187,0.73)\u00bb background_enable_color__hover=\u00bbon\u00bb background__hover_enabled=\u00bbon|hover\u00bb]<\/p>\n<p>Protege tu edificio de apartamentos y sus zonas comunes con un seguro comunitario a todo riesgo, que ofrece protecci\u00f3n contra da\u00f1os materiales, robo y responsabilidad civil.<\/p>\n<p>[\/et_pb_blurb][\/et_pb_column][et_pb_column type=\u00bb1_3&#8243; _builder_version=\u00bb4.16&#8243; custom_padding=\u00bb|||\u00bb global_colors_info=\u00bb{}\u00bb custom_padding__hover=\u00bb|||\u00bb][et_pb_blurb title=\u00bbComercio\u00bb url=\u00bb@ET-DC@eyJkeW5hbWljIjp0cnVlLCJjb250ZW50IjoicG9zdF9saW5rX3VybF9wYWdlIiwic2V0dGluZ3MiOnsicG9zdF9pZCI6IjE5MiJ9fQ==@\u00bb image=\u00bbhttps:\/\/brenllaseguros.gal\/wp-content\/uploads\/2024\/07\/p-seguro-de-comercio.jpg\u00bb alt=\u00bbSeguro de comercio\u00bb content_max_width=\u00bb1100px\u00bb _builder_version=\u00bb4.26.0&#8243; _dynamic_attributes=\u00bburl\u00bb header_font=\u00bb||||||||\u00bb header_line_height=\u00bb1.6em\u00bb body_font=\u00bbMontserrat|300|||||||\u00bb body_font_size=\u00bb16px\u00bb body_line_height=\u00bb2em\u00bb background_color=\u00bb#FFFFFF\u00bb text_orientation=\u00bbcenter\u00bb custom_padding=\u00bb30px|30px|30px|30px|true|true\u00bb animation_style=\u00bbzoom\u00bb animation_delay=\u00bb250ms\u00bb animation_intensity_zoom=\u00bb10%\u00bb animation=\u00bboff\u00bb background_last_edited=\u00bbon|desktop\u00bb border_radii=\u00bbon|10px|10px|10px|10px\u00bb box_shadow_style=\u00bbpreset3&#8243; box_shadow_vertical=\u00bb10px\u00bb box_shadow_blur=\u00bb80px\u00bb box_shadow_spread=\u00bb-10px\u00bb box_shadow_color=\u00bbrgba(44,54,92,0.2)\u00bb global_colors_info=\u00bb{}\u00bb background_color__hover=\u00bbrgba(237,192,187,0.73)\u00bb background_enable_color__hover=\u00bbon\u00bb background__hover_enabled=\u00bbon|hover\u00bb]<\/p>\n<p>Mantenga su negocio en marcha con nuestro seguro comercial, que protege contra incendio, robo y responsabilidad legal, adaptado <span>a sus<\/span> necesidades.<\/p>\n<p>[\/et_pb_blurb][\/et_pb_column][et_pb_column type=\u00bb1_3&#8243; _builder_version=\u00bb4.26.0&#8243; _module_preset=\u00bbdefault\u00bb global_colors_info=\u00bb{}\u00bb][et_pb_blurb title=\u00bbViajes\u00bb url=\u00bb@ET-DC@eyJkeW5hbWljIjp0cnVlLCJjb250ZW50IjoicG9zdF9saW5rX3VybF9wYWdlIiwic2V0dGluZ3MiOnsicG9zdF9pZCI6IjQzMCJ9fQ==@\u00bb image=\u00bbhttps:\/\/brenllaseguros.gal\/wp-content\/uploads\/2024\/07\/p-seguro-de-viajes.jpg\u00bb alt=\u00bbSeguro de Viajes\u00bb content_max_width=\u00bb1100px\u00bb _builder_version=\u00bb4.26.0&#8243; _dynamic_attributes=\u00bburl\u00bb header_font=\u00bb||||||||\u00bb header_line_height=\u00bb1.6em\u00bb body_font=\u00bbMontserrat|300|||||||\u00bb body_font_size=\u00bb16px\u00bb body_line_height=\u00bb2em\u00bb background_color=\u00bb#FFFFFF\u00bb text_orientation=\u00bbcenter\u00bb custom_padding=\u00bb30px|30px|30px|30px|true|true\u00bb animation_style=\u00bbzoom\u00bb animation_delay=\u00bb250ms\u00bb animation_intensity_zoom=\u00bb10%\u00bb animation=\u00bboff\u00bb background_last_edited=\u00bbon|desktop\u00bb border_radii=\u00bbon|10px|10px|10px|10px\u00bb box_shadow_style=\u00bbpreset3&#8243; box_shadow_vertical=\u00bb10px\u00bb box_shadow_blur=\u00bb80px\u00bb box_shadow_spread=\u00bb-10px\u00bb box_shadow_color=\u00bbrgba(44,54,92,0.2)\u00bb global_colors_info=\u00bb{}\u00bb background_color__hover=\u00bbrgba(237,192,187,0.73)\u00bb background_enable_color__hover=\u00bbon\u00bb background__hover_enabled=\u00bbon|hover\u00bb]<\/p>\n<p>Viaja tranquilo con nuestro seguro de viaje, que cubre cancelaciones, asistencia m\u00e9dica y p\u00e9rdida de equipaje. Protegemos todas tus contingencias sin preocupaciones. <\/p>\n<p>[\/et_pb_blurb][\/et_pb_column][\/et_pb_row][\/et_pb_section]<\/p>\n","protected":false},"excerpt":{"rendered":"<p>Protege tu hogar de incendios, robos y da\u00f1os por agua con nuestro seguro de hogar dise\u00f1ado para proteger tanto la estructura como tus pertenencias, garantizando tu tranquilidad y seguridad.Con nuestro seguro de coche disfruta de la tranquilidad de estar protegido contra da\u00f1os, robos y accidentes, con opciones flexibles y personalizadas que se adaptan a tu [&hellip;]<\/p>\n","protected":false},"author":1,"featured_media":543,"parent":0,"menu_order":0,"comment_status":"closed","ping_status":"closed","template":"","meta":{"_et_pb_use_builder":"on","_et_pb_old_content":"","_et_gb_content_width":"","footnotes":""},"class_list":["post-592","page","type-page","status-publish","has-post-thumbnail","hentry"],"yoast_head":"<!-- This site is optimized with the Yoast SEO plugin v27.4 - https:\/\/yoast.com\/product\/yoast-seo-wordpress\/ -->\n<title>Seguros - Brenlla Seguros, Corredur\u00eda de seguros en Santiago de Compostela<\/title>\n<meta name=\"robots\" content=\"index, follow, max-snippet:-1, max-image-preview:large, max-video-preview:-1\" \/>\n<link rel=\"canonical\" href=\"https:\/\/brenllaseguros.gal\/es\/seguros\/\" \/>\n<meta property=\"og:locale\" content=\"es_ES\" \/>\n<meta property=\"og:type\" content=\"article\" \/>\n<meta property=\"og:title\" content=\"Seguros - Brenlla Seguros, Corredur\u00eda de seguros en Santiago de Compostela\" \/>\n<meta property=\"og:description\" content=\"Protege tu hogar de incendios, robos y da\u00f1os por agua con nuestro seguro de hogar dise\u00f1ado para proteger tanto la estructura como tus pertenencias, garantizando tu tranquilidad y seguridad.Con nuestro seguro de coche disfruta de la tranquilidad de estar protegido contra da\u00f1os, robos y accidentes, con opciones flexibles y personalizadas que se adaptan a tu [&hellip;]\" \/>\n<meta property=\"og:url\" content=\"https:\/\/brenllaseguros.gal\/es\/seguros\/\" \/>\n<meta property=\"og:site_name\" content=\"Brenlla Seguros, Corredur\u00eda de seguros en Santiago de Compostela\" \/>\n<meta property=\"article:modified_time\" content=\"2024-11-25T18:37:02+00:00\" \/>\n<meta property=\"og:image\" content=\"https:\/\/brenllaseguros.gal\/wp-content\/uploads\/2024\/07\/seguro-responsabilidad-civil.jpg\" \/>\n\t<meta property=\"og:image:width\" content=\"1000\" \/>\n\t<meta property=\"og:image:height\" content=\"665\" \/>\n\t<meta property=\"og:image:type\" content=\"image\/jpeg\" \/>\n<meta name=\"twitter:card\" content=\"summary_large_image\" \/>\n<meta name=\"twitter:label1\" content=\"Tiempo de lectura\" \/>\n\t<meta name=\"twitter:data1\" content=\"9 minutos\" \/>\n<script type=\"application\/ld+json\" class=\"yoast-schema-graph\">{\"@context\":\"https:\\\/\\\/schema.org\",\"@graph\":[{\"@type\":\"WebPage\",\"@id\":\"https:\\\/\\\/brenllaseguros.gal\\\/es\\\/seguros\\\/\",\"url\":\"https:\\\/\\\/brenllaseguros.gal\\\/es\\\/seguros\\\/\",\"name\":\"Seguros - Brenlla Seguros, Corredur\u00eda de seguros en Santiago de Compostela\",\"isPartOf\":{\"@id\":\"https:\\\/\\\/brenllaseguros.gal\\\/#website\"},\"primaryImageOfPage\":{\"@id\":\"https:\\\/\\\/brenllaseguros.gal\\\/es\\\/seguros\\\/#primaryimage\"},\"image\":{\"@id\":\"https:\\\/\\\/brenllaseguros.gal\\\/es\\\/seguros\\\/#primaryimage\"},\"thumbnailUrl\":\"https:\\\/\\\/brenllaseguros.gal\\\/wp-content\\\/uploads\\\/2024\\\/07\\\/seguro-responsabilidad-civil.jpg\",\"datePublished\":\"2024-07-07T17:39:06+00:00\",\"dateModified\":\"2024-11-25T18:37:02+00:00\",\"breadcrumb\":{\"@id\":\"https:\\\/\\\/brenllaseguros.gal\\\/es\\\/seguros\\\/#breadcrumb\"},\"inLanguage\":\"es\",\"potentialAction\":[{\"@type\":\"ReadAction\",\"target\":[\"https:\\\/\\\/brenllaseguros.gal\\\/es\\\/seguros\\\/\"]}]},{\"@type\":\"ImageObject\",\"inLanguage\":\"es\",\"@id\":\"https:\\\/\\\/brenllaseguros.gal\\\/es\\\/seguros\\\/#primaryimage\",\"url\":\"https:\\\/\\\/brenllaseguros.gal\\\/wp-content\\\/uploads\\\/2024\\\/07\\\/seguro-responsabilidad-civil.jpg\",\"contentUrl\":\"https:\\\/\\\/brenllaseguros.gal\\\/wp-content\\\/uploads\\\/2024\\\/07\\\/seguro-responsabilidad-civil.jpg\",\"width\":1000,\"height\":665},{\"@type\":\"BreadcrumbList\",\"@id\":\"https:\\\/\\\/brenllaseguros.gal\\\/es\\\/seguros\\\/#breadcrumb\",\"itemListElement\":[{\"@type\":\"ListItem\",\"position\":1,\"name\":\"Portada\",\"item\":\"https:\\\/\\\/brenllaseguros.gal\\\/es\\\/\"},{\"@type\":\"ListItem\",\"position\":2,\"name\":\"Seguros\"}]},{\"@type\":\"WebSite\",\"@id\":\"https:\\\/\\\/brenllaseguros.gal\\\/#website\",\"url\":\"https:\\\/\\\/brenllaseguros.gal\\\/\",\"name\":\"Brenlla Seguros, Corredur\u00eda de seguros en Santiago de Compostela\",\"description\":\"\",\"potentialAction\":[{\"@type\":\"SearchAction\",\"target\":{\"@type\":\"EntryPoint\",\"urlTemplate\":\"https:\\\/\\\/brenllaseguros.gal\\\/?s={search_term_string}\"},\"query-input\":{\"@type\":\"PropertyValueSpecification\",\"valueRequired\":true,\"valueName\":\"search_term_string\"}}],\"inLanguage\":\"es\"}]}<\/script>\n<!-- \/ Yoast SEO plugin. -->","yoast_head_json":{"title":"Seguros - Brenlla Seguros, Corredur\u00eda de seguros en Santiago de Compostela","robots":{"index":"index","follow":"follow","max-snippet":"max-snippet:-1","max-image-preview":"max-image-preview:large","max-video-preview":"max-video-preview:-1"},"canonical":"https:\/\/brenllaseguros.gal\/es\/seguros\/","og_locale":"es_ES","og_type":"article","og_title":"Seguros - Brenlla Seguros, Corredur\u00eda de seguros en Santiago de Compostela","og_description":"Protege tu hogar de incendios, robos y da\u00f1os por agua con nuestro seguro de hogar dise\u00f1ado para proteger tanto la estructura como tus pertenencias, garantizando tu tranquilidad y seguridad.Con nuestro seguro de coche disfruta de la tranquilidad de estar protegido contra da\u00f1os, robos y accidentes, con opciones flexibles y personalizadas que se adaptan a tu [&hellip;]","og_url":"https:\/\/brenllaseguros.gal\/es\/seguros\/","og_site_name":"Brenlla Seguros, Corredur\u00eda de seguros en Santiago de Compostela","article_modified_time":"2024-11-25T18:37:02+00:00","og_image":[{"width":1000,"height":665,"url":"https:\/\/brenllaseguros.gal\/wp-content\/uploads\/2024\/07\/seguro-responsabilidad-civil.jpg","type":"image\/jpeg"}],"twitter_card":"summary_large_image","twitter_misc":{"Tiempo de lectura":"9 minutos"},"schema":{"@context":"https:\/\/schema.org","@graph":[{"@type":"WebPage","@id":"https:\/\/brenllaseguros.gal\/es\/seguros\/","url":"https:\/\/brenllaseguros.gal\/es\/seguros\/","name":"Seguros - Brenlla Seguros, Corredur\u00eda de seguros en Santiago de Compostela","isPartOf":{"@id":"https:\/\/brenllaseguros.gal\/#website"},"primaryImageOfPage":{"@id":"https:\/\/brenllaseguros.gal\/es\/seguros\/#primaryimage"},"image":{"@id":"https:\/\/brenllaseguros.gal\/es\/seguros\/#primaryimage"},"thumbnailUrl":"https:\/\/brenllaseguros.gal\/wp-content\/uploads\/2024\/07\/seguro-responsabilidad-civil.jpg","datePublished":"2024-07-07T17:39:06+00:00","dateModified":"2024-11-25T18:37:02+00:00","breadcrumb":{"@id":"https:\/\/brenllaseguros.gal\/es\/seguros\/#breadcrumb"},"inLanguage":"es","potentialAction":[{"@type":"ReadAction","target":["https:\/\/brenllaseguros.gal\/es\/seguros\/"]}]},{"@type":"ImageObject","inLanguage":"es","@id":"https:\/\/brenllaseguros.gal\/es\/seguros\/#primaryimage","url":"https:\/\/brenllaseguros.gal\/wp-content\/uploads\/2024\/07\/seguro-responsabilidad-civil.jpg","contentUrl":"https:\/\/brenllaseguros.gal\/wp-content\/uploads\/2024\/07\/seguro-responsabilidad-civil.jpg","width":1000,"height":665},{"@type":"BreadcrumbList","@id":"https:\/\/brenllaseguros.gal\/es\/seguros\/#breadcrumb","itemListElement":[{"@type":"ListItem","position":1,"name":"Portada","item":"https:\/\/brenllaseguros.gal\/es\/"},{"@type":"ListItem","position":2,"name":"Seguros"}]},{"@type":"WebSite","@id":"https:\/\/brenllaseguros.gal\/#website","url":"https:\/\/brenllaseguros.gal\/","name":"Brenlla Seguros, Corredur\u00eda de seguros en Santiago de Compostela","description":"","potentialAction":[{"@type":"SearchAction","target":{"@type":"EntryPoint","urlTemplate":"https:\/\/brenllaseguros.gal\/?s={search_term_string}"},"query-input":{"@type":"PropertyValueSpecification","valueRequired":true,"valueName":"search_term_string"}}],"inLanguage":"es"}]}},"_links":{"self":[{"href":"https:\/\/brenllaseguros.gal\/es\/wp-json\/wp\/v2\/pages\/592","targetHints":{"allow":["GET"]}}],"collection":[{"href":"https:\/\/brenllaseguros.gal\/es\/wp-json\/wp\/v2\/pages"}],"about":[{"href":"https:\/\/brenllaseguros.gal\/es\/wp-json\/wp\/v2\/types\/page"}],"author":[{"embeddable":true,"href":"https:\/\/brenllaseguros.gal\/es\/wp-json\/wp\/v2\/users\/1"}],"replies":[{"embeddable":true,"href":"https:\/\/brenllaseguros.gal\/es\/wp-json\/wp\/v2\/comments?post=592"}],"version-history":[{"count":2,"href":"https:\/\/brenllaseguros.gal\/es\/wp-json\/wp\/v2\/pages\/592\/revisions"}],"predecessor-version":[{"id":747,"href":"https:\/\/brenllaseguros.gal\/es\/wp-json\/wp\/v2\/pages\/592\/revisions\/747"}],"wp:featuredmedia":[{"embeddable":true,"href":"https:\/\/brenllaseguros.gal\/es\/wp-json\/wp\/v2\/media\/543"}],"wp:attachment":[{"href":"https:\/\/brenllaseguros.gal\/es\/wp-json\/wp\/v2\/media?parent=592"}],"curies":[{"name":"wp","href":"https:\/\/api.w.org\/{rel}","templated":true}]}}