{"id":594,"date":"2024-07-07T17:40:01","date_gmt":"2024-07-07T17:40:01","guid":{"rendered":"https:\/\/brenllaseguros.gal\/seguros\/comercio\/"},"modified":"2024-11-25T18:41:23","modified_gmt":"2024-11-25T18:41:23","slug":"comercio","status":"publish","type":"page","link":"https:\/\/brenllaseguros.gal\/es\/seguros\/comercio\/","title":{"rendered":"Comercio"},"content":{"rendered":"<p>[et_pb_section fb_built=\u00bb1&#8243; admin_label=\u00bbHeader\u00bb _builder_version=\u00bb4.16&#8243; _module_preset=\u00bbdefault\u00bb custom_margin=\u00bb-163px|||||\u00bb global_colors_info=\u00bb{}\u00bb][et_pb_row _builder_version=\u00bb4.16&#8243; _module_preset=\u00bbdefault\u00bb custom_padding=\u00bb||||false|false\u00bb global_colors_info=\u00bb{}\u00bb][et_pb_column type=\u00bb4_4&#8243; _builder_version=\u00bb4.16&#8243; _module_preset=\u00bbdefault\u00bb global_colors_info=\u00bb{}\u00bb][et_pb_text _builder_version=\u00bb4.26.0&#8243; _module_preset=\u00bbdefault\u00bb header_font=\u00bb|700|||||||\u00bb header_text_color=\u00bb#003E51&#8243; header_font_size=\u00bb80px\u00bb header_line_height=\u00bb1.1em\u00bb header_2_font=\u00bbRoboto|700||on|||||\u00bb header_2_text_color=\u00bbrgba(44,44,44,0.5)\u00bb header_2_font_size=\u00bb12px\u00bb header_2_letter_spacing=\u00bb1px\u00bb header_2_line_height=\u00bb1.3em\u00bb text_orientation=\u00bbcenter\u00bb text_font_size_tablet=\u00bb\u00bb text_font_size_phone=\u00bb\u00bb text_font_size_last_edited=\u00bbon|desktop\u00bb header_font_size_tablet=\u00bb44px\u00bb header_font_size_phone=\u00bb32px\u00bb header_font_size_last_edited=\u00bbon|phone\u00bb locked=\u00bboff\u00bb global_colors_info=\u00bb{}\u00bb]<\/p>\n<h2>Seguro<\/h2>\n<h1>Comercio<\/h1>\n<p>[\/et_pb_text][\/et_pb_column][\/et_pb_row][et_pb_row _builder_version=\u00bb4.26.0&#8243; _module_preset=\u00bbdefault\u00bb locked=\u00bboff\u00bb global_colors_info=\u00bb{}\u00bb][et_pb_column type=\u00bb4_4&#8243; _builder_version=\u00bb4.26.0&#8243; _module_preset=\u00bbdefault\u00bb global_colors_info=\u00bb{}\u00bb][et_pb_image src=\u00bbhttps:\/\/brenllaseguros.gal\/wp-content\/uploads\/2024\/07\/seguro-de-comercio.jpg\u00bb alt=\u00bbSeguro de comercio\u00bb title_text=\u00bbSeguro de comercio\u00bb align=\u00bbcenter\u00bb _builder_version=\u00bb4.26.0&#8243; _module_preset=\u00bbdefault\u00bb global_colors_info=\u00bb{}\u00bb][\/et_pb_image][\/et_pb_column][\/et_pb_row][\/et_pb_section][et_pb_section fb_built=\u00bb1&#8243; admin_label=\u00bbContent\u00bb _builder_version=\u00bb4.16&#8243; _module_preset=\u00bbdefault\u00bb custom_padding=\u00bb0px|||||\u00bb locked=\u00bboff\u00bb global_colors_info=\u00bb{}\u00bb][et_pb_row _builder_version=\u00bb4.26.0&#8243; _module_preset=\u00bbdefault\u00bb module_alignment=\u00bbcenter\u00bb global_colors_info=\u00bb{}\u00bb][et_pb_column type=\u00bb4_4&#8243; _builder_version=\u00bb4.16&#8243; _module_preset=\u00bbdefault\u00bb global_colors_info=\u00bb{}\u00bb][et_pb_text _builder_version=\u00bb4.26.0&#8243; _module_preset=\u00bbfb3d65bf-a8b3-4897-95f4-4b2325e4d896&#8243; text_font_size=\u00bb16px\u00bb text_line_height=\u00bb2.3em\u00bb link_text_color=\u00bb#003E51&#8243; header_3_font=\u00bb|700|||||||\u00bb header_3_font_size=\u00bb16px\u00bb header_3_line_height=\u00bb1.3em\u00bb text_font_size_tablet=\u00bb15px\u00bb text_font_size_phone=\u00bb14px\u00bb text_font_size_last_edited=\u00bbon|phone\u00bb locked=\u00bboff\u00bb global_colors_info=\u00bb{}\u00bb]<\/p>\n<h2><strong>Seguros de Comercios<\/strong><\/h2>\n<h4>\u00bfQu\u00e9 es un Seguro de Comercios?<\/h4>\n<p>El seguro empresarial es una p\u00f3liza que ofrece protecci\u00f3n financiera para su negocio frente a diversos riesgos como incendio, robo, da\u00f1os a terceros y otras eventualidades que puedan afectar su actividad empresarial. Esta protecci\u00f3n es esencial para asegurar la continuidad de su negocio y salvaguardar sus inversiones. <\/p>\n<h4>Beneficios del seguro de comercios<\/h4>\n<ul>\n<li><strong>Tranquilidad:<\/strong> Protecci\u00f3n integral para su negocio y sus inversiones.<\/li>\n<li><strong>Amplia cobertura:<\/strong> Protecci\u00f3n contra incendio, robo, da\u00f1os por agua y responsabilidad ante terceros.<\/li>\n<li><strong>Asistencia 24\/7:<\/strong> Servicio de asistencia de emergencia en cualquier momento.<\/li>\n<li><strong>Flexibilidad:<\/strong> Opciones de p\u00f3lizas que se adaptan a tus necesidades y tipo de negocio.<\/li>\n<\/ul>\n<h4>Tipos de Seguros de Comercios<\/h4>\n<ul>\n<li><strong>Seguro multirriesgo:<\/strong> Cobertura a todo riesgo que incluye da\u00f1os materiales, robo y responsabilidad civil.<\/li>\n<li><strong>Seguro de Responsabilidad Civil:<\/strong> Protecci\u00f3n contra da\u00f1os a terceros relacionados con la actividad comercial.<\/li>\n<li><strong>Seguro por p\u00e9rdida de beneficios:<\/strong> Cobertura de p\u00e9rdidas econ\u00f3micas derivadas de la interrupci\u00f3n de la actividad por accidente cubierto.<\/li>\n<\/ul>\n<h4>\u00bfPor qu\u00e9 elegirnos?<\/h4>\n<ul>\n<li><strong>Experiencia y Confianza:<\/strong> A\u00f1os de experiencia en el sector nos avalan.<\/li>\n<li><strong>Atenci\u00f3n Personalizada:<\/strong> Adaptamos nuestras soluciones a las necesidades espec\u00edficas de su negocio.<\/li>\n<li><strong>Transparencia:<\/strong> Proceso claro y sin sorpresas.<\/li>\n<\/ul>\n<h4>\u00bfC\u00f3mo funciona?<\/h4>\n<ol>\n<li><strong>Evaluaci\u00f3n de Necesidades:<\/strong> Analizamos la situaci\u00f3n de su negocio y los riesgos asociados a su negocio.<\/li>\n<li><strong>Selecci\u00f3n de P\u00f3liza:<\/strong> Te ayudamos a elegir la p\u00f3liza que mejor se adapta a tus necesidades.<\/li>\n<li><strong>Contrataci\u00f3n:<\/strong> Formalizamos tu p\u00f3liza de forma r\u00e1pida y sencilla.<\/li>\n<li><strong>Soporte Continuo:<\/strong> Te acompa\u00f1amos en todo momento para resolver cualquier duda o ajuste necesario.<\/li>\n<\/ol>\n<h4>Cotiza tu Seguro de Comercios Hoy<\/h4>\n<p>No arriesgues la continuidad de tu negocio. Cotiza hoy tu seguro de comercios con nosotros y asegura la protecci\u00f3n de tu inversi\u00f3n y tranquilidad en tu actividad comercial. <\/p>\n<p>[\/et_pb_text][\/et_pb_column][\/et_pb_row][et_pb_row column_structure=\u00bb3_5,2_5&#8243; _builder_version=\u00bb4.26.0&#8243; _module_preset=\u00bbdefault\u00bb locked=\u00bboff\u00bb global_colors_info=\u00bb{}\u00bb][et_pb_column type=\u00bb3_5&#8243; _builder_version=\u00bb4.26.0&#8243; _module_preset=\u00bbdefault\u00bb global_colors_info=\u00bb{}\u00bb][et_pb_text _builder_version=\u00bb4.26.0&#8243; _module_preset=\u00bbdefault\u00bb text_line_height=\u00bb3em\u00bb global_colors_info=\u00bb{}\u00bb]<\/p>\n<h4><strong>Cont\u00e1ctanos y te daremos cotizaci\u00f3n<\/strong><\/h4>\n<h4><div class=\"forminator-ui forminator-custom-form forminator-custom-form-399 forminator-design--default  forminator_ajax\" data-forminator-render=\"0\" data-form=\"forminator-module-399\" data-uid=\"69fb65efcd07b\"><br\/><\/div><form\n\t\t\t\tid=\"forminator-module-399\"\n\t\t\t\tclass=\"forminator-ui forminator-custom-form forminator-custom-form-399 forminator-design--default  forminator_ajax\"\n\t\t\t\tmethod=\"post\"\n\t\t\t\tdata-forminator-render=\"0\"\n\t\t\t\tdata-form-id=\"399\"\n\t\t\t\t data-color-option=\"default\" data-design=\"default\" data-grid=\"open\" style=\"display: none;\"\n\t\t\t\tdata-uid=\"69fb65efcd07b\"\n\t\t\t><div role=\"alert\" aria-live=\"polite\" class=\"forminator-response-message forminator-error\" aria-hidden=\"true\"><\/div><div class=\"forminator-row\"><div id=\"name-1\" class=\"forminator-field-name forminator-col forminator-col-6 \"><div class=\"forminator-field\"><label for=\"forminator-field-name-1_69fb65efcd07b\" id=\"forminator-field-name-1_69fb65efcd07b-label\" class=\"forminator-label\">Nome <span class=\"forminator-required\">*<\/span><\/label><input type=\"text\" name=\"name-1\" value=\"\" placeholder=\"\" id=\"forminator-field-name-1_69fb65efcd07b\" class=\"forminator-input forminator-name--field\" aria-required=\"true\" autocomplete=\"name\" \/><\/div><\/div><div id=\"name-2\" class=\"forminator-field-name forminator-col forminator-col-6 \"><div class=\"forminator-field\"><label for=\"forminator-field-name-2_69fb65efcd07b\" id=\"forminator-field-name-2_69fb65efcd07b-label\" class=\"forminator-label\">Apelidos <span class=\"forminator-required\">*<\/span><\/label><input type=\"text\" name=\"name-2\" value=\"\" placeholder=\"\" id=\"forminator-field-name-2_69fb65efcd07b\" class=\"forminator-input forminator-name--field\" aria-required=\"true\" autocomplete=\"name\" \/><\/div><\/div><\/div><div class=\"forminator-row\"><div id=\"phone-1\" class=\"forminator-field-phone forminator-col forminator-col-6 \"><div class=\"forminator-field\"><label for=\"forminator-field-phone-1_69fb65efcd07b\" id=\"forminator-field-phone-1_69fb65efcd07b-label\" class=\"forminator-label\">Tel\u00e9fono <span class=\"forminator-required\">*<\/span><\/label><input type=\"text\" name=\"phone-1\" value=\"\" placeholder=\"\" id=\"forminator-field-phone-1_69fb65efcd07b\" class=\"forminator-input forminator-field--phone\" data-required=\"1\" aria-required=\"true\" autocomplete=\"off\" \/><\/div><\/div><div id=\"email-1\" class=\"forminator-field-email forminator-col forminator-col-6 \"><div class=\"forminator-field\"><label for=\"forminator-field-email-1_69fb65efcd07b\" id=\"forminator-field-email-1_69fb65efcd07b-label\" class=\"forminator-label\">Email <span class=\"forminator-required\">*<\/span><\/label><input type=\"email\" name=\"email-1\" value=\"\" placeholder=\"\" id=\"forminator-field-email-1_69fb65efcd07b\" class=\"forminator-input forminator-email--field\" data-required=\"1\" aria-required=\"true\" autocomplete=\"email\" \/><\/div><\/div><\/div><div class=\"forminator-row\"><div id=\"text-1\" class=\"forminator-field-text forminator-col forminator-col-6 \"><div class=\"forminator-field\"><label for=\"forminator-field-text-1_69fb65efcd07b\" id=\"forminator-field-text-1_69fb65efcd07b-label\" class=\"forminator-label\">DNI ou CIF <span class=\"forminator-required\">*<\/span><\/label><input type=\"text\" name=\"text-1\" value=\"\" placeholder=\"\" id=\"forminator-field-text-1_69fb65efcd07b\" class=\"forminator-input forminator-name--field\" data-required=\"1\" \/><\/div><\/div><div id=\"date-1\" class=\"forminator-field-date forminator-col forminator-col-6 \"><div class=\"forminator-field\"><label for=\"forminator-field-date-1-picker_69fb65efcd07b\" id=\"forminator-field-date-1-picker_69fb65efcd07b-label\" class=\"forminator-label\">Data de nacemento <span class=\"forminator-required\">*<\/span><\/label><div class=\"forminator-input-with-icon\"><span class=\"forminator-icon-calendar\" aria-hidden=\"true\"><\/span><input autocomplete=\"off\" type=\"text\" size=\"1\" name=\"date-1\" value=\"\" placeholder=\"Escoller data\" id=\"forminator-field-date-1-picker_69fb65efcd07b\" class=\"forminator-input forminator-datepicker\" data-required=\"1\" data-format=\"dd\/mm\/yy\" data-restrict-type=\"\" data-restrict=\"\" data-start-year=\"1926\" data-end-year=\"2126\" data-past-dates=\"enable\" data-start-of-week=\"1\" data-start-date=\"\" data-end-date=\"\" data-start-field=\"\" data-end-field=\"\" data-start-offset=\"\" data-end-offset=\"\" data-disable-date=\"\" data-disable-range=\"\" \/><\/div><\/div><\/div><\/div><div class=\"forminator-row\"><div id=\"select-1\" class=\"forminator-field-select forminator-col forminator-col-12 \"><div class=\"forminator-field\"><label for=\"forminator-form-399__field--select-1_69fb65efcd07b\" id=\"forminator-form-399__field--select-1_69fb65efcd07b-label\" class=\"forminator-label\">Tipo de Seguro<\/label><select  id=\"forminator-form-399__field--select-1_69fb65efcd07b\" class=\"forminator-select--field forminator-select2 forminator-select2-multiple\" data-required=\"\" name=\"select-1\" data-default-value=\"\" data-hidden-behavior=\"zero\" data-placeholder=\"\" data-search=\"false\" data-search-placeholder=\"\" data-checkbox=\"false\" data-allow-clear=\"false\" aria-labelledby=\"forminator-form-399__field--select-1_69fb65efcd07b-label\"><option value=\"one\"  data-calculation=\"0\">Vida<\/option><option value=\"two\"  data-calculation=\"0\">Auto<\/option><option value=\"Fogar\"  data-calculation=\"0\">Fogar<\/option><option value=\"Salud\"  data-calculation=\"0\">Salud<\/option><option value=\"Mascotas\"  data-calculation=\"0\">Mascotas<\/option><option value=\"Viaxes\"  data-calculation=\"0\">Viaxes<\/option><option value=\"Responsabilidade-Civil\"  data-calculation=\"0\">Responsabilidade Civil<\/option><option value=\"Comercios\"  data-calculation=\"0\">Comercios<\/option><option value=\"Comunidades\"  data-calculation=\"0\">Comunidades<\/option><\/select><\/div><\/div><\/div><div class=\"forminator-row\"><div id=\"textarea-1\" class=\"forminator-field-textarea forminator-col forminator-col-12 \"><div class=\"forminator-field\"><label for=\"forminator-field-textarea-1_69fb65efcd07b\" id=\"forminator-field-textarea-1_69fb65efcd07b-label\" class=\"forminator-label\">Comentarios <span class=\"forminator-required\">*<\/span><\/label><textarea name=\"textarea-1\" placeholder=\"\" id=\"forminator-field-textarea-1_69fb65efcd07b\" class=\"forminator-textarea\" rows=\"6\" style=\"--forminator-textarea-min-height:140px;\" ><\/textarea><\/div><\/div><\/div><input type=\"hidden\" name=\"referer_url\" value=\"\" \/><div class=\"forminator-row forminator-row-last\"><div class=\"forminator-col\"><div class=\"forminator-field\"><button class=\"forminator-button forminator-button-submit\">Enviar<\/button><\/div><\/div><\/div><input type=\"hidden\" id=\"forminator_nonce\" name=\"forminator_nonce\" value=\"26470e8c22\" \/><input type=\"hidden\" name=\"_wp_http_referer\" value=\"\/es\/wp-json\/wp\/v2\/pages\/594\" \/><input type=\"hidden\" name=\"form_id\" value=\"399\"><input type=\"hidden\" name=\"page_id\" value=\"594\"><input type=\"hidden\" name=\"form_type\" value=\"default\"><input type=\"hidden\" name=\"current_url\" value=\"https:\/\/brenllaseguros.gal\/es\/seguros\/comercio\/\"><input type=\"hidden\" name=\"render_id\" value=\"0\"><input type=\"hidden\" name=\"action\" value=\"forminator_submit_form_custom-forms\"><\/form><\/h4>\n<p>[\/et_pb_text][\/et_pb_column][et_pb_column type=\u00bb2_5&#8243; _builder_version=\u00bb4.26.0&#8243; _module_preset=\u00bbdefault\u00bb global_colors_info=\u00bb{}\u00bb][et_pb_image src=\u00bbhttps:\/\/brenllaseguros.gal\/wp-content\/uploads\/2024\/07\/seguros-de-comercios.jpg\u00bb alt=\u00bbSeguros de comercios\u00bb title_text=\u00bbSeguros de comercios\u00bb url=\u00bb@ET-DC@eyJkeW5hbWljIjp0cnVlLCJjb250ZW50IjoicG9zdF9saW5rX3VybF9hdHRhY2htZW50Iiwic2V0dGluZ3MiOnsicG9zdF9pZCI6IjM5NSIsImVuYWJsZV9odG1sIjoib2ZmIn19@\u00bb _builder_version=\u00bb4.26.0&#8243; _dynamic_attributes=\u00bburl\u00bb _module_preset=\u00bbdefault\u00bb global_colors_info=\u00bb{}\u00bb][\/et_pb_image][\/et_pb_column][\/et_pb_row][\/et_pb_section]<\/p>\n","protected":false},"excerpt":{"rendered":"<p>Seguro ComercioSeguros de Comercios \u00bfQu\u00e9 es un Seguro de Comercios? El seguro empresarial es una p\u00f3liza que ofrece protecci\u00f3n financiera para su negocio frente a diversos riesgos como incendio, robo, da\u00f1os a terceros y otras eventualidades que puedan afectar su actividad empresarial. Esta protecci\u00f3n es esencial para asegurar la continuidad de su negocio y salvaguardar [&hellip;]<\/p>\n","protected":false},"author":1,"featured_media":544,"parent":592,"menu_order":0,"comment_status":"closed","ping_status":"closed","template":"","meta":{"_et_pb_use_builder":"on","_et_pb_old_content":"","_et_gb_content_width":"","footnotes":""},"class_list":["post-594","page","type-page","status-publish","has-post-thumbnail","hentry"],"yoast_head":"<!-- This site is optimized with the Yoast SEO plugin v27.4 - https:\/\/yoast.com\/product\/yoast-seo-wordpress\/ -->\n<title>Comercio - Brenlla Seguros, Corredur\u00eda de seguros en Santiago de Compostela<\/title>\n<meta name=\"description\" content=\"Protege tu negocio con Brenlla Seguros. Coberturas personalizadas para todo tipo de comercios, garantizando tranquilidad y seguridad.\" \/>\n<meta name=\"robots\" content=\"index, follow, max-snippet:-1, max-image-preview:large, max-video-preview:-1\" \/>\n<link rel=\"canonical\" href=\"https:\/\/brenllaseguros.gal\/es\/seguros\/comercio\/\" \/>\n<meta property=\"og:locale\" content=\"es_ES\" \/>\n<meta property=\"og:type\" content=\"article\" \/>\n<meta property=\"og:title\" content=\"Comercio - Brenlla Seguros, Corredur\u00eda de seguros en Santiago de Compostela\" \/>\n<meta property=\"og:description\" content=\"Protege tu negocio con Brenlla Seguros. Coberturas personalizadas para todo tipo de comercios, garantizando tranquilidad y seguridad.\" \/>\n<meta property=\"og:url\" content=\"https:\/\/brenllaseguros.gal\/es\/seguros\/comercio\/\" \/>\n<meta property=\"og:site_name\" content=\"Brenlla Seguros, Corredur\u00eda de seguros en Santiago de Compostela\" \/>\n<meta property=\"article:modified_time\" content=\"2024-11-25T18:41:23+00:00\" \/>\n<meta property=\"og:image\" content=\"https:\/\/brenllaseguros.gal\/wp-content\/uploads\/2024\/07\/seguro-de-comercio.jpg\" \/>\n\t<meta property=\"og:image:width\" content=\"1000\" \/>\n\t<meta property=\"og:image:height\" content=\"665\" \/>\n\t<meta property=\"og:image:type\" content=\"image\/jpeg\" \/>\n<meta name=\"twitter:card\" content=\"summary_large_image\" \/>\n<meta name=\"twitter:label1\" content=\"Tiempo de lectura\" \/>\n\t<meta name=\"twitter:data1\" content=\"4 minutos\" \/>\n<script type=\"application\/ld+json\" class=\"yoast-schema-graph\">{\"@context\":\"https:\\\/\\\/schema.org\",\"@graph\":[{\"@type\":\"WebPage\",\"@id\":\"https:\\\/\\\/brenllaseguros.gal\\\/es\\\/seguros\\\/comercio\\\/\",\"url\":\"https:\\\/\\\/brenllaseguros.gal\\\/es\\\/seguros\\\/comercio\\\/\",\"name\":\"Comercio - Brenlla Seguros, Corredur\u00eda de seguros en Santiago de Compostela\",\"isPartOf\":{\"@id\":\"https:\\\/\\\/brenllaseguros.gal\\\/#website\"},\"primaryImageOfPage\":{\"@id\":\"https:\\\/\\\/brenllaseguros.gal\\\/es\\\/seguros\\\/comercio\\\/#primaryimage\"},\"image\":{\"@id\":\"https:\\\/\\\/brenllaseguros.gal\\\/es\\\/seguros\\\/comercio\\\/#primaryimage\"},\"thumbnailUrl\":\"https:\\\/\\\/brenllaseguros.gal\\\/wp-content\\\/uploads\\\/2024\\\/07\\\/seguro-de-comercio.jpg\",\"datePublished\":\"2024-07-07T17:40:01+00:00\",\"dateModified\":\"2024-11-25T18:41:23+00:00\",\"description\":\"Protege tu negocio con Brenlla Seguros. Coberturas personalizadas para todo tipo de comercios, garantizando tranquilidad y seguridad.\",\"breadcrumb\":{\"@id\":\"https:\\\/\\\/brenllaseguros.gal\\\/es\\\/seguros\\\/comercio\\\/#breadcrumb\"},\"inLanguage\":\"es\",\"potentialAction\":[{\"@type\":\"ReadAction\",\"target\":[\"https:\\\/\\\/brenllaseguros.gal\\\/es\\\/seguros\\\/comercio\\\/\"]}]},{\"@type\":\"ImageObject\",\"inLanguage\":\"es\",\"@id\":\"https:\\\/\\\/brenllaseguros.gal\\\/es\\\/seguros\\\/comercio\\\/#primaryimage\",\"url\":\"https:\\\/\\\/brenllaseguros.gal\\\/wp-content\\\/uploads\\\/2024\\\/07\\\/seguro-de-comercio.jpg\",\"contentUrl\":\"https:\\\/\\\/brenllaseguros.gal\\\/wp-content\\\/uploads\\\/2024\\\/07\\\/seguro-de-comercio.jpg\",\"width\":1000,\"height\":665},{\"@type\":\"BreadcrumbList\",\"@id\":\"https:\\\/\\\/brenllaseguros.gal\\\/es\\\/seguros\\\/comercio\\\/#breadcrumb\",\"itemListElement\":[{\"@type\":\"ListItem\",\"position\":1,\"name\":\"Portada\",\"item\":\"https:\\\/\\\/brenllaseguros.gal\\\/es\\\/\"},{\"@type\":\"ListItem\",\"position\":2,\"name\":\"Seguros\",\"item\":\"https:\\\/\\\/brenllaseguros.gal\\\/es\\\/seguros\\\/\"},{\"@type\":\"ListItem\",\"position\":3,\"name\":\"Comercio\"}]},{\"@type\":\"WebSite\",\"@id\":\"https:\\\/\\\/brenllaseguros.gal\\\/#website\",\"url\":\"https:\\\/\\\/brenllaseguros.gal\\\/\",\"name\":\"Brenlla Seguros, Corredur\u00eda de seguros en Santiago de Compostela\",\"description\":\"\",\"potentialAction\":[{\"@type\":\"SearchAction\",\"target\":{\"@type\":\"EntryPoint\",\"urlTemplate\":\"https:\\\/\\\/brenllaseguros.gal\\\/?s={search_term_string}\"},\"query-input\":{\"@type\":\"PropertyValueSpecification\",\"valueRequired\":true,\"valueName\":\"search_term_string\"}}],\"inLanguage\":\"es\"}]}<\/script>\n<!-- \/ Yoast SEO plugin. -->","yoast_head_json":{"title":"Comercio - Brenlla Seguros, Corredur\u00eda de seguros en Santiago de Compostela","description":"Protege tu negocio con Brenlla Seguros. Coberturas personalizadas para todo tipo de comercios, garantizando tranquilidad y seguridad.","robots":{"index":"index","follow":"follow","max-snippet":"max-snippet:-1","max-image-preview":"max-image-preview:large","max-video-preview":"max-video-preview:-1"},"canonical":"https:\/\/brenllaseguros.gal\/es\/seguros\/comercio\/","og_locale":"es_ES","og_type":"article","og_title":"Comercio - Brenlla Seguros, Corredur\u00eda de seguros en Santiago de Compostela","og_description":"Protege tu negocio con Brenlla Seguros. Coberturas personalizadas para todo tipo de comercios, garantizando tranquilidad y seguridad.","og_url":"https:\/\/brenllaseguros.gal\/es\/seguros\/comercio\/","og_site_name":"Brenlla Seguros, Corredur\u00eda de seguros en Santiago de Compostela","article_modified_time":"2024-11-25T18:41:23+00:00","og_image":[{"width":1000,"height":665,"url":"https:\/\/brenllaseguros.gal\/wp-content\/uploads\/2024\/07\/seguro-de-comercio.jpg","type":"image\/jpeg"}],"twitter_card":"summary_large_image","twitter_misc":{"Tiempo de lectura":"4 minutos"},"schema":{"@context":"https:\/\/schema.org","@graph":[{"@type":"WebPage","@id":"https:\/\/brenllaseguros.gal\/es\/seguros\/comercio\/","url":"https:\/\/brenllaseguros.gal\/es\/seguros\/comercio\/","name":"Comercio - Brenlla Seguros, Corredur\u00eda de seguros en Santiago de Compostela","isPartOf":{"@id":"https:\/\/brenllaseguros.gal\/#website"},"primaryImageOfPage":{"@id":"https:\/\/brenllaseguros.gal\/es\/seguros\/comercio\/#primaryimage"},"image":{"@id":"https:\/\/brenllaseguros.gal\/es\/seguros\/comercio\/#primaryimage"},"thumbnailUrl":"https:\/\/brenllaseguros.gal\/wp-content\/uploads\/2024\/07\/seguro-de-comercio.jpg","datePublished":"2024-07-07T17:40:01+00:00","dateModified":"2024-11-25T18:41:23+00:00","description":"Protege tu negocio con Brenlla Seguros. Coberturas personalizadas para todo tipo de comercios, garantizando tranquilidad y seguridad.","breadcrumb":{"@id":"https:\/\/brenllaseguros.gal\/es\/seguros\/comercio\/#breadcrumb"},"inLanguage":"es","potentialAction":[{"@type":"ReadAction","target":["https:\/\/brenllaseguros.gal\/es\/seguros\/comercio\/"]}]},{"@type":"ImageObject","inLanguage":"es","@id":"https:\/\/brenllaseguros.gal\/es\/seguros\/comercio\/#primaryimage","url":"https:\/\/brenllaseguros.gal\/wp-content\/uploads\/2024\/07\/seguro-de-comercio.jpg","contentUrl":"https:\/\/brenllaseguros.gal\/wp-content\/uploads\/2024\/07\/seguro-de-comercio.jpg","width":1000,"height":665},{"@type":"BreadcrumbList","@id":"https:\/\/brenllaseguros.gal\/es\/seguros\/comercio\/#breadcrumb","itemListElement":[{"@type":"ListItem","position":1,"name":"Portada","item":"https:\/\/brenllaseguros.gal\/es\/"},{"@type":"ListItem","position":2,"name":"Seguros","item":"https:\/\/brenllaseguros.gal\/es\/seguros\/"},{"@type":"ListItem","position":3,"name":"Comercio"}]},{"@type":"WebSite","@id":"https:\/\/brenllaseguros.gal\/#website","url":"https:\/\/brenllaseguros.gal\/","name":"Brenlla Seguros, Corredur\u00eda de seguros en Santiago de Compostela","description":"","potentialAction":[{"@type":"SearchAction","target":{"@type":"EntryPoint","urlTemplate":"https:\/\/brenllaseguros.gal\/?s={search_term_string}"},"query-input":{"@type":"PropertyValueSpecification","valueRequired":true,"valueName":"search_term_string"}}],"inLanguage":"es"}]}},"_links":{"self":[{"href":"https:\/\/brenllaseguros.gal\/es\/wp-json\/wp\/v2\/pages\/594","targetHints":{"allow":["GET"]}}],"collection":[{"href":"https:\/\/brenllaseguros.gal\/es\/wp-json\/wp\/v2\/pages"}],"about":[{"href":"https:\/\/brenllaseguros.gal\/es\/wp-json\/wp\/v2\/types\/page"}],"author":[{"embeddable":true,"href":"https:\/\/brenllaseguros.gal\/es\/wp-json\/wp\/v2\/users\/1"}],"replies":[{"embeddable":true,"href":"https:\/\/brenllaseguros.gal\/es\/wp-json\/wp\/v2\/comments?post=594"}],"version-history":[{"count":2,"href":"https:\/\/brenllaseguros.gal\/es\/wp-json\/wp\/v2\/pages\/594\/revisions"}],"predecessor-version":[{"id":750,"href":"https:\/\/brenllaseguros.gal\/es\/wp-json\/wp\/v2\/pages\/594\/revisions\/750"}],"up":[{"embeddable":true,"href":"https:\/\/brenllaseguros.gal\/es\/wp-json\/wp\/v2\/pages\/592"}],"wp:featuredmedia":[{"embeddable":true,"href":"https:\/\/brenllaseguros.gal\/es\/wp-json\/wp\/v2\/media\/544"}],"wp:attachment":[{"href":"https:\/\/brenllaseguros.gal\/es\/wp-json\/wp\/v2\/media?parent=594"}],"curies":[{"name":"wp","href":"https:\/\/api.w.org\/{rel}","templated":true}]}}