{"id":597,"date":"2024-07-19T07:06:25","date_gmt":"2024-07-19T07:06:25","guid":{"rendered":"https:\/\/brenllaseguros.gal\/seguros\/mascotas\/"},"modified":"2024-11-25T18:46:06","modified_gmt":"2024-11-25T18:46:06","slug":"mascotas","status":"publish","type":"page","link":"https:\/\/brenllaseguros.gal\/es\/seguros\/mascotas\/","title":{"rendered":"Mascotas"},"content":{"rendered":"<p>[et_pb_section fb_built=\u00bb1&#8243; admin_label=\u00bbHeader\u00bb _builder_version=\u00bb4.16&#8243; _module_preset=\u00bbdefault\u00bb custom_margin=\u00bb-163px|||||\u00bb global_colors_info=\u00bb{}\u00bb][et_pb_row _builder_version=\u00bb4.16&#8243; _module_preset=\u00bbdefault\u00bb custom_padding=\u00bb||||false|false\u00bb global_colors_info=\u00bb{}\u00bb][et_pb_column type=\u00bb4_4&#8243; _builder_version=\u00bb4.16&#8243; _module_preset=\u00bbdefault\u00bb global_colors_info=\u00bb{}\u00bb][et_pb_text _builder_version=\u00bb4.26.0&#8243; _module_preset=\u00bbdefault\u00bb header_font=\u00bb|700|||||||\u00bb header_text_color=\u00bb#003E51&#8243; header_font_size=\u00bb80px\u00bb header_line_height=\u00bb1.1em\u00bb header_2_font=\u00bbRoboto|700||on|||||\u00bb header_2_text_color=\u00bbrgba(44,44,44,0.5)\u00bb header_2_font_size=\u00bb12px\u00bb header_2_letter_spacing=\u00bb1px\u00bb header_2_line_height=\u00bb1.3em\u00bb text_orientation=\u00bbcenter\u00bb text_font_size_tablet=\u00bb\u00bb text_font_size_phone=\u00bb\u00bb text_font_size_last_edited=\u00bbon|desktop\u00bb header_font_size_tablet=\u00bb44px\u00bb header_font_size_phone=\u00bb32px\u00bb header_font_size_last_edited=\u00bbon|phone\u00bb locked=\u00bboff\u00bb global_colors_info=\u00bb{}\u00bb]<\/p>\n<h2>Seguro<\/h2>\n<h1>Mascotas<\/h1>\n<p>[\/et_pb_text][\/et_pb_column][\/et_pb_row][et_pb_row _builder_version=\u00bb4.26.0&#8243; _module_preset=\u00bbdefault\u00bb global_colors_info=\u00bb{}\u00bb][et_pb_column type=\u00bb4_4&#8243; _builder_version=\u00bb4.26.0&#8243; _module_preset=\u00bbdefault\u00bb global_colors_info=\u00bb{}\u00bb][et_pb_image src=\u00bbhttps:\/\/brenllaseguros.gal\/wp-content\/uploads\/2024\/07\/seguro-para-mascotas.jpg\u00bb alt=\u00bbSeguro para mascotas\u00bb title_text=\u00bbSeguro para mascotas\u00bb align=\u00bbcenter\u00bb _builder_version=\u00bb4.26.0&#8243; _module_preset=\u00bbdefault\u00bb global_colors_info=\u00bb{}\u00bb][\/et_pb_image][\/et_pb_column][\/et_pb_row][\/et_pb_section][et_pb_section fb_built=\u00bb1&#8243; admin_label=\u00bbContent\u00bb _builder_version=\u00bb4.16&#8243; _module_preset=\u00bbdefault\u00bb custom_padding=\u00bb0px|||||\u00bb locked=\u00bboff\u00bb global_colors_info=\u00bb{}\u00bb][et_pb_row _builder_version=\u00bb4.26.0&#8243; _module_preset=\u00bbdefault\u00bb module_alignment=\u00bbcenter\u00bb custom_margin=\u00bb|411px||auto||\u00bb global_colors_info=\u00bb{}\u00bb][et_pb_column type=\u00bb4_4&#8243; _builder_version=\u00bb4.16&#8243; _module_preset=\u00bbdefault\u00bb global_colors_info=\u00bb{}\u00bb][et_pb_text _builder_version=\u00bb4.26.0&#8243; _module_preset=\u00bbfb3d65bf-a8b3-4897-95f4-4b2325e4d896&#8243; text_font_size=\u00bb16px\u00bb text_line_height=\u00bb2.3em\u00bb link_text_color=\u00bb#003E51&#8243; header_3_font=\u00bb|700|||||||\u00bb header_3_font_size=\u00bb16px\u00bb header_3_line_height=\u00bb1.3em\u00bb text_font_size_tablet=\u00bb15px\u00bb text_font_size_phone=\u00bb14px\u00bb text_font_size_last_edited=\u00bbon|phone\u00bb locked=\u00bboff\u00bb global_colors_info=\u00bb{}\u00bb]<\/p>\n<h2>Seguros para Mascotas en Galicia: Protege a tu Compa\u00f1ero de Vida<\/h2>\n<h3>\u00bfPor qu\u00e9 necesitas un seguro para mascotas en Galicia?<\/h3>\n<p>En Galicia nuestras mascotas son mucho m\u00e1s que simples animales de compa\u00f1\u00eda; son miembros de nuestra familia. Ya sea que tengas un perro, un gato o cualquier otra mascota, es fundamental velar por su bienestar y protecci\u00f3n ante cualquier imprevisto. El seguro para mascotas no s\u00f3lo brinda cobertura en caso de accidente o enfermedad, sino que tambi\u00e9n te brinda la tranquilidad de saber que tu amigo peludo siempre estar\u00e1 bien atendido.  <\/p>\n<h3>Beneficios de Contratar un Seguro de Mascotas<\/h3>\n<ol>\n<li>\n<p><strong>Cobertura Veterinaria Completa<\/strong>:<\/p>\n<ul>\n<li><strong>Consultas y Revisiones<\/strong>: Cubre las visitas rutinarias al veterinario.<\/li>\n<li><strong>Tratamientos y Cirug\u00edas<\/strong>: Incluye intervenciones quir\u00fargicas y tratamientos espec\u00edficos necesarios.<\/li>\n<li><strong>Emergencias y Hospitalizaci\u00f3n<\/strong>: Atenci\u00f3n inmediata en caso de emergencias y hospitalizaci\u00f3n.<\/li>\n<\/ul>\n<\/li>\n<li>\n<p><strong>Asistencia en Caso de P\u00e9rdida o Robo<\/strong>:<\/p>\n<ul>\n<li><strong>Localizaci\u00f3n y Recompensa<\/strong>: Servicios por localizar a tu mascota y recompensas por su recuperaci\u00f3n.<\/li>\n<li><strong>Documentaci\u00f3n<\/strong>: Ayuda en la gesti\u00f3n de los tr\u00e1mites necesarios en caso de siniestro.<\/li>\n<\/ul>\n<\/li>\n<li>\n<p><strong>Cobertura de Responsabilidad Civil<\/strong>:<\/p>\n<ul>\n<li><strong>Da\u00f1os a Terceros<\/strong>: Cobertura por da\u00f1os que tu mascota pueda causar a otras personas o bienes.<\/li>\n<li><strong>Defensa Jur\u00eddica<\/strong>: Asistencia jur\u00eddica en caso de reclamaciones relacionadas con su mascota.<\/li>\n<\/ul>\n<\/li>\n<li>\n<p><strong>Servicios adicionales:<\/strong>:<\/p>\n<ul>\n<li><strong>Asistencia Telef\u00f3nica<\/strong>: Consultas veterinarias telef\u00f3nicas disponibles las 24 horas del d\u00eda.<\/li>\n<li><strong>Red de Cl\u00ednicas Asociadas:<\/strong>: Acceso a una amplia red de cl\u00ednicas y veterinarios asociados con descuentos exclusivos.<\/li>\n<li><strong>Atenci\u00f3n Preventiva<\/strong>: Programas de vacunaci\u00f3n, desparasitaci\u00f3n y chequeos preventivos.<\/li>\n<\/ul>\n<\/li>\n<\/ol>\n<h3>\u00bfC\u00f3mo elegir el mejor seguro para mascotas en Galicia?<\/h3>\n<p>A la hora de elegir un seguro para mascotas en Galicia es importante tener en cuenta varios factores:<\/p>\n<ol>\n<li><strong>Tipo de Mascota<\/strong>: No todos los seguros cubren todas las especies de mascotas. Aseg\u00farese de que su mascota espec\u00edfica est\u00e9 cubierta. <\/li>\n<li><strong>Coberturas Incluidas<\/strong>: Consulta qu\u00e9 coberturas est\u00e1n incluidas y cu\u00e1les son opcionales.<\/li>\n<li><strong>L\u00edmites y exclusiones<\/strong>: Revise los l\u00edmites de cobertura y las exclusiones que puedan aplicarse.<\/li>\n<li><strong>Costo del seguro<\/strong>: compare diferentes planes y precios para encontrar la mejor relaci\u00f3n calidad-precio.<\/li>\n<li><strong>Opiniones y Reputaci\u00f3n<\/strong>: Investiga las opiniones de otros clientes y la reputaci\u00f3n de la aseguradora.<\/li>\n<\/ol>\n<h3>Seguros para Mascotas en Galicia: Compromiso con la Salud y Bienestar de Tu Mascota<\/h3>\n<p>En Galicia estamos orgullosos de nuestra especial conexi\u00f3n con la naturaleza y los animales. Proteger a nuestras mascotas con un seguro adecuado es una extensi\u00f3n natural de ese amor y cuidado. Con un seguro para mascotas podr\u00e1s asegurarte de que tu fiel compa\u00f1ero reciba la mejor atenci\u00f3n posible en cualquier situaci\u00f3n.  <\/p>\n<p>No dejes al azar el bienestar de tu mascota. Explora nuestras opciones de seguro para mascotas y elige el plan que mejor se adapte a las necesidades de tu amigo peludo. Cont\u00e1ctanos hoy para m\u00e1s informaci\u00f3n y para asegurar un futuro saludable y feliz para tu mascota en Galicia.  <\/p>\n<p>[\/et_pb_text][\/et_pb_column][\/et_pb_row][et_pb_row _builder_version=\u00bb4.26.0&#8243; _module_preset=\u00bbdefault\u00bb global_colors_info=\u00bb{}\u00bb][et_pb_column type=\u00bb4_4&#8243; _builder_version=\u00bb4.26.0&#8243; _module_preset=\u00bbdefault\u00bb global_colors_info=\u00bb{}\u00bb][et_pb_text _builder_version=\u00bb4.26.0&#8243; _module_preset=\u00bbdefault\u00bb text_line_height=\u00bb3em\u00bb global_colors_info=\u00bb{}\u00bb]<\/p>\n<h4><strong>Cont\u00e1ctanos y te daremos cotizaci\u00f3n<\/strong><\/h4>\n<h4><div class=\"forminator-ui forminator-custom-form forminator-custom-form-399 forminator-design--default  forminator_ajax\" data-forminator-render=\"0\" data-form=\"forminator-module-399\" data-uid=\"69fb68ad90bbf\"><br\/><\/div><form\n\t\t\t\tid=\"forminator-module-399\"\n\t\t\t\tclass=\"forminator-ui forminator-custom-form forminator-custom-form-399 forminator-design--default  forminator_ajax\"\n\t\t\t\tmethod=\"post\"\n\t\t\t\tdata-forminator-render=\"0\"\n\t\t\t\tdata-form-id=\"399\"\n\t\t\t\t data-color-option=\"default\" data-design=\"default\" data-grid=\"open\" style=\"display: none;\"\n\t\t\t\tdata-uid=\"69fb68ad90bbf\"\n\t\t\t><div role=\"alert\" aria-live=\"polite\" class=\"forminator-response-message forminator-error\" aria-hidden=\"true\"><\/div><div class=\"forminator-row\"><div id=\"name-1\" class=\"forminator-field-name forminator-col forminator-col-6 \"><div class=\"forminator-field\"><label for=\"forminator-field-name-1_69fb68ad90bbf\" id=\"forminator-field-name-1_69fb68ad90bbf-label\" class=\"forminator-label\">Nome <span class=\"forminator-required\">*<\/span><\/label><input type=\"text\" name=\"name-1\" value=\"\" placeholder=\"\" id=\"forminator-field-name-1_69fb68ad90bbf\" class=\"forminator-input forminator-name--field\" aria-required=\"true\" autocomplete=\"name\" \/><\/div><\/div><div id=\"name-2\" class=\"forminator-field-name forminator-col forminator-col-6 \"><div class=\"forminator-field\"><label for=\"forminator-field-name-2_69fb68ad90bbf\" id=\"forminator-field-name-2_69fb68ad90bbf-label\" class=\"forminator-label\">Apelidos <span class=\"forminator-required\">*<\/span><\/label><input type=\"text\" name=\"name-2\" value=\"\" placeholder=\"\" id=\"forminator-field-name-2_69fb68ad90bbf\" class=\"forminator-input forminator-name--field\" aria-required=\"true\" autocomplete=\"name\" \/><\/div><\/div><\/div><div class=\"forminator-row\"><div id=\"phone-1\" class=\"forminator-field-phone forminator-col forminator-col-6 \"><div class=\"forminator-field\"><label for=\"forminator-field-phone-1_69fb68ad90bbf\" id=\"forminator-field-phone-1_69fb68ad90bbf-label\" class=\"forminator-label\">Tel\u00e9fono <span class=\"forminator-required\">*<\/span><\/label><input type=\"text\" name=\"phone-1\" value=\"\" placeholder=\"\" id=\"forminator-field-phone-1_69fb68ad90bbf\" class=\"forminator-input forminator-field--phone\" data-required=\"1\" aria-required=\"true\" autocomplete=\"off\" \/><\/div><\/div><div id=\"email-1\" class=\"forminator-field-email forminator-col forminator-col-6 \"><div class=\"forminator-field\"><label for=\"forminator-field-email-1_69fb68ad90bbf\" id=\"forminator-field-email-1_69fb68ad90bbf-label\" class=\"forminator-label\">Email <span class=\"forminator-required\">*<\/span><\/label><input type=\"email\" name=\"email-1\" value=\"\" placeholder=\"\" id=\"forminator-field-email-1_69fb68ad90bbf\" class=\"forminator-input forminator-email--field\" data-required=\"1\" aria-required=\"true\" autocomplete=\"email\" \/><\/div><\/div><\/div><div class=\"forminator-row\"><div id=\"text-1\" class=\"forminator-field-text forminator-col forminator-col-6 \"><div class=\"forminator-field\"><label for=\"forminator-field-text-1_69fb68ad90bbf\" id=\"forminator-field-text-1_69fb68ad90bbf-label\" class=\"forminator-label\">DNI ou CIF <span class=\"forminator-required\">*<\/span><\/label><input type=\"text\" name=\"text-1\" value=\"\" placeholder=\"\" id=\"forminator-field-text-1_69fb68ad90bbf\" class=\"forminator-input forminator-name--field\" data-required=\"1\" \/><\/div><\/div><div id=\"date-1\" class=\"forminator-field-date forminator-col forminator-col-6 \"><div class=\"forminator-field\"><label for=\"forminator-field-date-1-picker_69fb68ad90bbf\" id=\"forminator-field-date-1-picker_69fb68ad90bbf-label\" class=\"forminator-label\">Data de nacemento <span class=\"forminator-required\">*<\/span><\/label><div class=\"forminator-input-with-icon\"><span class=\"forminator-icon-calendar\" aria-hidden=\"true\"><\/span><input autocomplete=\"off\" type=\"text\" size=\"1\" name=\"date-1\" value=\"\" placeholder=\"Escoller data\" id=\"forminator-field-date-1-picker_69fb68ad90bbf\" class=\"forminator-input forminator-datepicker\" data-required=\"1\" data-format=\"dd\/mm\/yy\" data-restrict-type=\"\" data-restrict=\"\" data-start-year=\"1926\" data-end-year=\"2126\" data-past-dates=\"enable\" data-start-of-week=\"1\" data-start-date=\"\" data-end-date=\"\" data-start-field=\"\" data-end-field=\"\" data-start-offset=\"\" data-end-offset=\"\" data-disable-date=\"\" data-disable-range=\"\" \/><\/div><\/div><\/div><\/div><div class=\"forminator-row\"><div id=\"select-1\" class=\"forminator-field-select forminator-col forminator-col-12 \"><div class=\"forminator-field\"><label for=\"forminator-form-399__field--select-1_69fb68ad90bbf\" id=\"forminator-form-399__field--select-1_69fb68ad90bbf-label\" class=\"forminator-label\">Tipo de Seguro<\/label><select  id=\"forminator-form-399__field--select-1_69fb68ad90bbf\" class=\"forminator-select--field forminator-select2 forminator-select2-multiple\" data-required=\"\" name=\"select-1\" data-default-value=\"\" data-hidden-behavior=\"zero\" data-placeholder=\"\" data-search=\"false\" data-search-placeholder=\"\" data-checkbox=\"false\" data-allow-clear=\"false\" aria-labelledby=\"forminator-form-399__field--select-1_69fb68ad90bbf-label\"><option value=\"one\"  data-calculation=\"0\">Vida<\/option><option value=\"two\"  data-calculation=\"0\">Auto<\/option><option value=\"Fogar\"  data-calculation=\"0\">Fogar<\/option><option value=\"Salud\"  data-calculation=\"0\">Salud<\/option><option value=\"Mascotas\"  data-calculation=\"0\">Mascotas<\/option><option value=\"Viaxes\"  data-calculation=\"0\">Viaxes<\/option><option value=\"Responsabilidade-Civil\"  data-calculation=\"0\">Responsabilidade Civil<\/option><option value=\"Comercios\"  data-calculation=\"0\">Comercios<\/option><option value=\"Comunidades\"  data-calculation=\"0\">Comunidades<\/option><\/select><\/div><\/div><\/div><div class=\"forminator-row\"><div id=\"textarea-1\" class=\"forminator-field-textarea forminator-col forminator-col-12 \"><div class=\"forminator-field\"><label for=\"forminator-field-textarea-1_69fb68ad90bbf\" id=\"forminator-field-textarea-1_69fb68ad90bbf-label\" class=\"forminator-label\">Comentarios <span class=\"forminator-required\">*<\/span><\/label><textarea name=\"textarea-1\" placeholder=\"\" id=\"forminator-field-textarea-1_69fb68ad90bbf\" class=\"forminator-textarea\" rows=\"6\" style=\"--forminator-textarea-min-height:140px;\" ><\/textarea><\/div><\/div><\/div><input type=\"hidden\" name=\"referer_url\" value=\"\" \/><div class=\"forminator-row forminator-row-last\"><div class=\"forminator-col\"><div class=\"forminator-field\"><button class=\"forminator-button forminator-button-submit\">Enviar<\/button><\/div><\/div><\/div><input type=\"hidden\" id=\"forminator_nonce\" name=\"forminator_nonce\" value=\"26470e8c22\" \/><input type=\"hidden\" name=\"_wp_http_referer\" value=\"\/es\/wp-json\/wp\/v2\/pages\/597\" \/><input type=\"hidden\" name=\"form_id\" value=\"399\"><input type=\"hidden\" name=\"page_id\" value=\"597\"><input type=\"hidden\" name=\"form_type\" value=\"default\"><input type=\"hidden\" name=\"current_url\" value=\"https:\/\/brenllaseguros.gal\/es\/seguros\/mascotas\/\"><input type=\"hidden\" name=\"render_id\" value=\"0\"><input type=\"hidden\" name=\"action\" value=\"forminator_submit_form_custom-forms\"><\/form><\/h4>\n<p>[\/et_pb_text][\/et_pb_column][\/et_pb_row][\/et_pb_section]<\/p>\n","protected":false},"excerpt":{"rendered":"<p>Seguro MascotasSeguros para Mascotas en Galicia: Protege a tu Compa\u00f1ero de Vida \u00bfPor qu\u00e9 necesitas un seguro para mascotas en Galicia? En Galicia nuestras mascotas son mucho m\u00e1s que simples animales de compa\u00f1\u00eda; son miembros de nuestra familia. Ya sea que tengas un perro, un gato o cualquier otra mascota, es fundamental velar por su [&hellip;]<\/p>\n","protected":false},"author":1,"featured_media":574,"parent":592,"menu_order":0,"comment_status":"closed","ping_status":"closed","template":"","meta":{"_et_pb_use_builder":"on","_et_pb_old_content":"","_et_gb_content_width":"","footnotes":""},"class_list":["post-597","page","type-page","status-publish","has-post-thumbnail","hentry"],"yoast_head":"<!-- This site is optimized with the Yoast SEO plugin v27.4 - https:\/\/yoast.com\/product\/yoast-seo-wordpress\/ -->\n<title>Mascotas - Brenlla Seguros, Corredur\u00eda de seguros en Santiago de Compostela<\/title>\n<meta name=\"robots\" content=\"index, follow, max-snippet:-1, max-image-preview:large, max-video-preview:-1\" \/>\n<link rel=\"canonical\" href=\"https:\/\/brenllaseguros.gal\/es\/seguros\/mascotas\/\" \/>\n<meta property=\"og:locale\" content=\"es_ES\" \/>\n<meta property=\"og:type\" content=\"article\" \/>\n<meta property=\"og:title\" content=\"Mascotas - Brenlla Seguros, Corredur\u00eda de seguros en Santiago de Compostela\" \/>\n<meta property=\"og:description\" content=\"Seguro MascotasSeguros para Mascotas en Galicia: Protege a tu Compa\u00f1ero de Vida \u00bfPor qu\u00e9 necesitas un seguro para mascotas en Galicia? En Galicia nuestras mascotas son mucho m\u00e1s que simples animales de compa\u00f1\u00eda; son miembros de nuestra familia. Ya sea que tengas un perro, un gato o cualquier otra mascota, es fundamental velar por su [&hellip;]\" \/>\n<meta property=\"og:url\" content=\"https:\/\/brenllaseguros.gal\/es\/seguros\/mascotas\/\" \/>\n<meta property=\"og:site_name\" content=\"Brenlla Seguros, Corredur\u00eda de seguros en Santiago de Compostela\" \/>\n<meta property=\"article:modified_time\" content=\"2024-11-25T18:46:06+00:00\" \/>\n<meta property=\"og:image\" content=\"https:\/\/brenllaseguros.gal\/wp-content\/uploads\/2024\/07\/seguro-para-mascotas.jpg\" \/>\n\t<meta property=\"og:image:width\" content=\"1111\" \/>\n\t<meta property=\"og:image:height\" content=\"741\" \/>\n\t<meta property=\"og:image:type\" content=\"image\/jpeg\" \/>\n<meta name=\"twitter:card\" content=\"summary_large_image\" \/>\n<meta name=\"twitter:label1\" content=\"Tiempo de lectura\" \/>\n\t<meta name=\"twitter:data1\" content=\"4 minutos\" \/>\n<script type=\"application\/ld+json\" class=\"yoast-schema-graph\">{\"@context\":\"https:\\\/\\\/schema.org\",\"@graph\":[{\"@type\":\"WebPage\",\"@id\":\"https:\\\/\\\/brenllaseguros.gal\\\/es\\\/seguros\\\/mascotas\\\/\",\"url\":\"https:\\\/\\\/brenllaseguros.gal\\\/es\\\/seguros\\\/mascotas\\\/\",\"name\":\"Mascotas - Brenlla Seguros, Corredur\u00eda de seguros en Santiago de Compostela\",\"isPartOf\":{\"@id\":\"https:\\\/\\\/brenllaseguros.gal\\\/#website\"},\"primaryImageOfPage\":{\"@id\":\"https:\\\/\\\/brenllaseguros.gal\\\/es\\\/seguros\\\/mascotas\\\/#primaryimage\"},\"image\":{\"@id\":\"https:\\\/\\\/brenllaseguros.gal\\\/es\\\/seguros\\\/mascotas\\\/#primaryimage\"},\"thumbnailUrl\":\"https:\\\/\\\/brenllaseguros.gal\\\/wp-content\\\/uploads\\\/2024\\\/07\\\/seguro-para-mascotas.jpg\",\"datePublished\":\"2024-07-19T07:06:25+00:00\",\"dateModified\":\"2024-11-25T18:46:06+00:00\",\"breadcrumb\":{\"@id\":\"https:\\\/\\\/brenllaseguros.gal\\\/es\\\/seguros\\\/mascotas\\\/#breadcrumb\"},\"inLanguage\":\"es\",\"potentialAction\":[{\"@type\":\"ReadAction\",\"target\":[\"https:\\\/\\\/brenllaseguros.gal\\\/es\\\/seguros\\\/mascotas\\\/\"]}]},{\"@type\":\"ImageObject\",\"inLanguage\":\"es\",\"@id\":\"https:\\\/\\\/brenllaseguros.gal\\\/es\\\/seguros\\\/mascotas\\\/#primaryimage\",\"url\":\"https:\\\/\\\/brenllaseguros.gal\\\/wp-content\\\/uploads\\\/2024\\\/07\\\/seguro-para-mascotas.jpg\",\"contentUrl\":\"https:\\\/\\\/brenllaseguros.gal\\\/wp-content\\\/uploads\\\/2024\\\/07\\\/seguro-para-mascotas.jpg\",\"width\":1111,\"height\":741},{\"@type\":\"BreadcrumbList\",\"@id\":\"https:\\\/\\\/brenllaseguros.gal\\\/es\\\/seguros\\\/mascotas\\\/#breadcrumb\",\"itemListElement\":[{\"@type\":\"ListItem\",\"position\":1,\"name\":\"Portada\",\"item\":\"https:\\\/\\\/brenllaseguros.gal\\\/es\\\/\"},{\"@type\":\"ListItem\",\"position\":2,\"name\":\"Seguros\",\"item\":\"https:\\\/\\\/brenllaseguros.gal\\\/es\\\/seguros\\\/\"},{\"@type\":\"ListItem\",\"position\":3,\"name\":\"Mascotas\"}]},{\"@type\":\"WebSite\",\"@id\":\"https:\\\/\\\/brenllaseguros.gal\\\/#website\",\"url\":\"https:\\\/\\\/brenllaseguros.gal\\\/\",\"name\":\"Brenlla Seguros, Corredur\u00eda de seguros en Santiago de Compostela\",\"description\":\"\",\"potentialAction\":[{\"@type\":\"SearchAction\",\"target\":{\"@type\":\"EntryPoint\",\"urlTemplate\":\"https:\\\/\\\/brenllaseguros.gal\\\/?s={search_term_string}\"},\"query-input\":{\"@type\":\"PropertyValueSpecification\",\"valueRequired\":true,\"valueName\":\"search_term_string\"}}],\"inLanguage\":\"es\"}]}<\/script>\n<!-- \/ Yoast SEO plugin. -->","yoast_head_json":{"title":"Mascotas - Brenlla Seguros, Corredur\u00eda de seguros en Santiago de Compostela","robots":{"index":"index","follow":"follow","max-snippet":"max-snippet:-1","max-image-preview":"max-image-preview:large","max-video-preview":"max-video-preview:-1"},"canonical":"https:\/\/brenllaseguros.gal\/es\/seguros\/mascotas\/","og_locale":"es_ES","og_type":"article","og_title":"Mascotas - Brenlla Seguros, Corredur\u00eda de seguros en Santiago de Compostela","og_description":"Seguro MascotasSeguros para Mascotas en Galicia: Protege a tu Compa\u00f1ero de Vida \u00bfPor qu\u00e9 necesitas un seguro para mascotas en Galicia? En Galicia nuestras mascotas son mucho m\u00e1s que simples animales de compa\u00f1\u00eda; son miembros de nuestra familia. Ya sea que tengas un perro, un gato o cualquier otra mascota, es fundamental velar por su [&hellip;]","og_url":"https:\/\/brenllaseguros.gal\/es\/seguros\/mascotas\/","og_site_name":"Brenlla Seguros, Corredur\u00eda de seguros en Santiago de Compostela","article_modified_time":"2024-11-25T18:46:06+00:00","og_image":[{"width":1111,"height":741,"url":"https:\/\/brenllaseguros.gal\/wp-content\/uploads\/2024\/07\/seguro-para-mascotas.jpg","type":"image\/jpeg"}],"twitter_card":"summary_large_image","twitter_misc":{"Tiempo de lectura":"4 minutos"},"schema":{"@context":"https:\/\/schema.org","@graph":[{"@type":"WebPage","@id":"https:\/\/brenllaseguros.gal\/es\/seguros\/mascotas\/","url":"https:\/\/brenllaseguros.gal\/es\/seguros\/mascotas\/","name":"Mascotas - Brenlla Seguros, Corredur\u00eda de seguros en Santiago de Compostela","isPartOf":{"@id":"https:\/\/brenllaseguros.gal\/#website"},"primaryImageOfPage":{"@id":"https:\/\/brenllaseguros.gal\/es\/seguros\/mascotas\/#primaryimage"},"image":{"@id":"https:\/\/brenllaseguros.gal\/es\/seguros\/mascotas\/#primaryimage"},"thumbnailUrl":"https:\/\/brenllaseguros.gal\/wp-content\/uploads\/2024\/07\/seguro-para-mascotas.jpg","datePublished":"2024-07-19T07:06:25+00:00","dateModified":"2024-11-25T18:46:06+00:00","breadcrumb":{"@id":"https:\/\/brenllaseguros.gal\/es\/seguros\/mascotas\/#breadcrumb"},"inLanguage":"es","potentialAction":[{"@type":"ReadAction","target":["https:\/\/brenllaseguros.gal\/es\/seguros\/mascotas\/"]}]},{"@type":"ImageObject","inLanguage":"es","@id":"https:\/\/brenllaseguros.gal\/es\/seguros\/mascotas\/#primaryimage","url":"https:\/\/brenllaseguros.gal\/wp-content\/uploads\/2024\/07\/seguro-para-mascotas.jpg","contentUrl":"https:\/\/brenllaseguros.gal\/wp-content\/uploads\/2024\/07\/seguro-para-mascotas.jpg","width":1111,"height":741},{"@type":"BreadcrumbList","@id":"https:\/\/brenllaseguros.gal\/es\/seguros\/mascotas\/#breadcrumb","itemListElement":[{"@type":"ListItem","position":1,"name":"Portada","item":"https:\/\/brenllaseguros.gal\/es\/"},{"@type":"ListItem","position":2,"name":"Seguros","item":"https:\/\/brenllaseguros.gal\/es\/seguros\/"},{"@type":"ListItem","position":3,"name":"Mascotas"}]},{"@type":"WebSite","@id":"https:\/\/brenllaseguros.gal\/#website","url":"https:\/\/brenllaseguros.gal\/","name":"Brenlla Seguros, Corredur\u00eda de seguros en Santiago de Compostela","description":"","potentialAction":[{"@type":"SearchAction","target":{"@type":"EntryPoint","urlTemplate":"https:\/\/brenllaseguros.gal\/?s={search_term_string}"},"query-input":{"@type":"PropertyValueSpecification","valueRequired":true,"valueName":"search_term_string"}}],"inLanguage":"es"}]}},"_links":{"self":[{"href":"https:\/\/brenllaseguros.gal\/es\/wp-json\/wp\/v2\/pages\/597","targetHints":{"allow":["GET"]}}],"collection":[{"href":"https:\/\/brenllaseguros.gal\/es\/wp-json\/wp\/v2\/pages"}],"about":[{"href":"https:\/\/brenllaseguros.gal\/es\/wp-json\/wp\/v2\/types\/page"}],"author":[{"embeddable":true,"href":"https:\/\/brenllaseguros.gal\/es\/wp-json\/wp\/v2\/users\/1"}],"replies":[{"embeddable":true,"href":"https:\/\/brenllaseguros.gal\/es\/wp-json\/wp\/v2\/comments?post=597"}],"version-history":[{"count":3,"href":"https:\/\/brenllaseguros.gal\/es\/wp-json\/wp\/v2\/pages\/597\/revisions"}],"predecessor-version":[{"id":753,"href":"https:\/\/brenllaseguros.gal\/es\/wp-json\/wp\/v2\/pages\/597\/revisions\/753"}],"up":[{"embeddable":true,"href":"https:\/\/brenllaseguros.gal\/es\/wp-json\/wp\/v2\/pages\/592"}],"wp:featuredmedia":[{"embeddable":true,"href":"https:\/\/brenllaseguros.gal\/es\/wp-json\/wp\/v2\/media\/574"}],"wp:attachment":[{"href":"https:\/\/brenllaseguros.gal\/es\/wp-json\/wp\/v2\/media?parent=597"}],"curies":[{"name":"wp","href":"https:\/\/api.w.org\/{rel}","templated":true}]}}