{"id":599,"date":"2024-07-09T12:46:42","date_gmt":"2024-07-09T12:46:42","guid":{"rendered":"https:\/\/brenllaseguros.gal\/seguros\/salud\/"},"modified":"2024-11-25T18:51:05","modified_gmt":"2024-11-25T18:51:05","slug":"salud","status":"publish","type":"page","link":"https:\/\/brenllaseguros.gal\/es\/seguros\/salud\/","title":{"rendered":"Salud"},"content":{"rendered":"<p>[et_pb_section fb_built=\u00bb1&#8243; admin_label=\u00bbHeader\u00bb _builder_version=\u00bb4.16&#8243; _module_preset=\u00bbdefault\u00bb custom_margin=\u00bb-163px|||||\u00bb global_colors_info=\u00bb{}\u00bb][et_pb_row _builder_version=\u00bb4.16&#8243; _module_preset=\u00bbdefault\u00bb custom_padding=\u00bb||||false|false\u00bb global_colors_info=\u00bb{}\u00bb][et_pb_column type=\u00bb4_4&#8243; _builder_version=\u00bb4.16&#8243; _module_preset=\u00bbdefault\u00bb global_colors_info=\u00bb{}\u00bb][et_pb_text _builder_version=\u00bb4.26.0&#8243; _module_preset=\u00bbdefault\u00bb header_font=\u00bb|700|||||||\u00bb header_text_color=\u00bb#003E51&#8243; header_font_size=\u00bb80px\u00bb header_line_height=\u00bb1.1em\u00bb header_2_font=\u00bbRoboto|700||on|||||\u00bb header_2_text_color=\u00bbrgba(44,44,44,0.5)\u00bb header_2_font_size=\u00bb12px\u00bb header_2_letter_spacing=\u00bb1px\u00bb header_2_line_height=\u00bb1.3em\u00bb text_orientation=\u00bbcenter\u00bb text_font_size_tablet=\u00bb\u00bb text_font_size_phone=\u00bb\u00bb text_font_size_last_edited=\u00bbon|desktop\u00bb header_font_size_tablet=\u00bb44px\u00bb header_font_size_phone=\u00bb32px\u00bb header_font_size_last_edited=\u00bbon|phone\u00bb locked=\u00bboff\u00bb global_colors_info=\u00bb{}\u00bb]<\/p>\n<h2>Seguro<\/h2>\n<h1>Salud<\/h1>\n<p>[\/et_pb_text][\/et_pb_column][\/et_pb_row][et_pb_row _builder_version=\u00bb4.26.0&#8243; _module_preset=\u00bbdefault\u00bb global_colors_info=\u00bb{}\u00bb][et_pb_column type=\u00bb4_4&#8243; _builder_version=\u00bb4.26.0&#8243; _module_preset=\u00bbdefault\u00bb global_colors_info=\u00bb{}\u00bb][et_pb_image src=\u00bbhttps:\/\/brenllaseguros.gal\/wp-content\/uploads\/2024\/07\/seguro-de-salud.jpg\u00bb alt=\u00bbSeguro de salud\u00bb title_text=\u00bbSeguro de salud\u00bb align=\u00bbcenter\u00bb _builder_version=\u00bb4.26.0&#8243; _module_preset=\u00bbdefault\u00bb global_colors_info=\u00bb{}\u00bb][\/et_pb_image][\/et_pb_column][\/et_pb_row][\/et_pb_section][et_pb_section fb_built=\u00bb1&#8243; admin_label=\u00bbContent\u00bb _builder_version=\u00bb4.16&#8243; _module_preset=\u00bbdefault\u00bb custom_padding=\u00bb0px|||||\u00bb locked=\u00bboff\u00bb global_colors_info=\u00bb{}\u00bb][et_pb_row _builder_version=\u00bb4.26.0&#8243; _module_preset=\u00bbdefault\u00bb module_alignment=\u00bbcenter\u00bb custom_margin=\u00bb|411px||auto||\u00bb global_colors_info=\u00bb{}\u00bb][et_pb_column type=\u00bb4_4&#8243; _builder_version=\u00bb4.16&#8243; _module_preset=\u00bbdefault\u00bb global_colors_info=\u00bb{}\u00bb][et_pb_text _builder_version=\u00bb4.26.0&#8243; _module_preset=\u00bbfb3d65bf-a8b3-4897-95f4-4b2325e4d896&#8243; text_font_size=\u00bb16px\u00bb text_line_height=\u00bb2.3em\u00bb link_text_color=\u00bb#003E51&#8243; header_3_font=\u00bb|700|||||||\u00bb header_3_font_size=\u00bb16px\u00bb header_3_line_height=\u00bb1.3em\u00bb text_font_size_tablet=\u00bb15px\u00bb text_font_size_phone=\u00bb14px\u00bb text_font_size_last_edited=\u00bbon|phone\u00bb locked=\u00bboff\u00bb global_colors_info=\u00bb{}\u00bb]<\/p>\n<h2>Seguro de Salud<\/h2>\n<h4>\u00bfQu\u00e9 es el seguro m\u00e9dico?<\/h4>\n<p>El seguro de salud es una p\u00f3liza que te brinda acceso a servicios m\u00e9dicos y hospitalarios de calidad, cubriendo los costos asociados a consultas, tratamientos, hospitalizaciones e intervenciones quir\u00fargicas. Esta protecci\u00f3n garantiza que pueda recibir la mejor atenci\u00f3n m\u00e9dica sin preocuparse por los costos. <\/p>\n<h4>Beneficios del seguro m\u00e9dico<\/h4>\n<ul>\n<li><strong>Tranquilidad:<\/strong> Acceso r\u00e1pido y sin esperas a servicios m\u00e9dicos de calidad.<\/li>\n<li><strong>Amplia Cobertura:<\/strong> Protecci\u00f3n para consultas m\u00e9dicas, emergencias, hospitalizaciones e intervenciones quir\u00fargicas.<\/li>\n<li><strong>Flexibilidad:<\/strong> opciones de p\u00f3lizas que se adaptan a sus necesidades y presupuesto.<\/li>\n<li><strong>Servicios Adicionales:<\/strong> Incluye cobertura dental, fisioterapia y otros servicios complementarios.<\/li>\n<\/ul>\n<h4>Tipos de Seguros de Salud<\/h4>\n<ul>\n<li><strong>Seguro B\u00e1sico de Salud:<\/strong> Cobertura esencial para consultas m\u00e9dicas y emergencias.<\/li>\n<li><strong>Seguro de Salud Completo:<\/strong> Protecci\u00f3n integral que incluye hospitalizaciones, cirug\u00edas y tratamientos especializados.<\/li>\n<li><strong>Seguro M\u00e9dico de Copago:<\/strong> Una opci\u00f3n m\u00e1s asequible que combina un pago mensual reducido con copagos por servicios m\u00e9dicos.<\/li>\n<\/ul>\n<h4>\u00bfPor qu\u00e9 elegirnos?<\/h4>\n<ul>\n<li><strong>Experiencia y Confianza:<\/strong> A\u00f1os de experiencia en el sector nos avalan.<\/li>\n<li><strong>Atenci\u00f3n Personalizada:<\/strong> Adaptamos nuestras soluciones a sus necesidades espec\u00edficas.<\/li>\n<li><strong>Acceso a los Mejores Profesionales:<\/strong> Amplia red de profesionales y centros m\u00e9dicos de prestigio.<\/li>\n<\/ul>\n<h4>\u00bfC\u00f3mo funciona?<\/h4>\n<ol>\n<li><strong>Evaluaci\u00f3n de Necesidades:<\/strong> Analizamos tu situaci\u00f3n personal y tus necesidades de salud.<\/li>\n<li><strong>Selecci\u00f3n de P\u00f3liza:<\/strong> Te ayudamos a elegir la p\u00f3liza que mejor se adapta a tus necesidades.<\/li>\n<li><strong>Contrataci\u00f3n:<\/strong> Formalizamos tu p\u00f3liza de forma r\u00e1pida y sencilla.<\/li>\n<li><strong>Soporte Continuo:<\/strong> Te acompa\u00f1amos en todo momento para resolver cualquier duda o ajuste necesario.<\/li>\n<\/ol>\n<h4>Cotiza tu Seguro M\u00e9dico Hoy<\/h4>\n<p>No dejes tu salud al azar. Cotiza tu seguro m\u00e9dico con nosotros hoy y aseg\u00farate de obtener la mejor atenci\u00f3n m\u00e9dica cuando la necesites.<\/p>\n<p>[\/et_pb_text][\/et_pb_column][\/et_pb_row][et_pb_row _builder_version=\u00bb4.26.0&#8243; _module_preset=\u00bbdefault\u00bb global_colors_info=\u00bb{}\u00bb][et_pb_column type=\u00bb4_4&#8243; _builder_version=\u00bb4.26.0&#8243; _module_preset=\u00bbdefault\u00bb global_colors_info=\u00bb{}\u00bb][et_pb_text _builder_version=\u00bb4.26.0&#8243; _module_preset=\u00bbdefault\u00bb text_line_height=\u00bb3em\u00bb global_colors_info=\u00bb{}\u00bb]<\/p>\n<h4><strong>Cont\u00e1ctanos y te daremos cotizaci\u00f3n<\/strong><\/h4>\n<h4><div class=\"forminator-ui forminator-custom-form forminator-custom-form-399 forminator-design--default  forminator_ajax\" data-forminator-render=\"0\" data-form=\"forminator-module-399\" data-uid=\"69fb685788952\"><br\/><\/div><form\n\t\t\t\tid=\"forminator-module-399\"\n\t\t\t\tclass=\"forminator-ui forminator-custom-form forminator-custom-form-399 forminator-design--default  forminator_ajax\"\n\t\t\t\tmethod=\"post\"\n\t\t\t\tdata-forminator-render=\"0\"\n\t\t\t\tdata-form-id=\"399\"\n\t\t\t\t data-color-option=\"default\" data-design=\"default\" data-grid=\"open\" style=\"display: none;\"\n\t\t\t\tdata-uid=\"69fb685788952\"\n\t\t\t><div role=\"alert\" aria-live=\"polite\" class=\"forminator-response-message forminator-error\" aria-hidden=\"true\"><\/div><div class=\"forminator-row\"><div id=\"name-1\" class=\"forminator-field-name forminator-col forminator-col-6 \"><div class=\"forminator-field\"><label for=\"forminator-field-name-1_69fb685788952\" id=\"forminator-field-name-1_69fb685788952-label\" class=\"forminator-label\">Nome <span class=\"forminator-required\">*<\/span><\/label><input type=\"text\" name=\"name-1\" value=\"\" placeholder=\"\" id=\"forminator-field-name-1_69fb685788952\" class=\"forminator-input forminator-name--field\" aria-required=\"true\" autocomplete=\"name\" \/><\/div><\/div><div id=\"name-2\" class=\"forminator-field-name forminator-col forminator-col-6 \"><div class=\"forminator-field\"><label for=\"forminator-field-name-2_69fb685788952\" id=\"forminator-field-name-2_69fb685788952-label\" class=\"forminator-label\">Apelidos <span class=\"forminator-required\">*<\/span><\/label><input type=\"text\" name=\"name-2\" value=\"\" placeholder=\"\" id=\"forminator-field-name-2_69fb685788952\" class=\"forminator-input forminator-name--field\" aria-required=\"true\" autocomplete=\"name\" \/><\/div><\/div><\/div><div class=\"forminator-row\"><div id=\"phone-1\" class=\"forminator-field-phone forminator-col forminator-col-6 \"><div class=\"forminator-field\"><label for=\"forminator-field-phone-1_69fb685788952\" id=\"forminator-field-phone-1_69fb685788952-label\" class=\"forminator-label\">Tel\u00e9fono <span class=\"forminator-required\">*<\/span><\/label><input type=\"text\" name=\"phone-1\" value=\"\" placeholder=\"\" id=\"forminator-field-phone-1_69fb685788952\" class=\"forminator-input forminator-field--phone\" data-required=\"1\" aria-required=\"true\" autocomplete=\"off\" \/><\/div><\/div><div id=\"email-1\" class=\"forminator-field-email forminator-col forminator-col-6 \"><div class=\"forminator-field\"><label for=\"forminator-field-email-1_69fb685788952\" id=\"forminator-field-email-1_69fb685788952-label\" class=\"forminator-label\">Email <span class=\"forminator-required\">*<\/span><\/label><input type=\"email\" name=\"email-1\" value=\"\" placeholder=\"\" id=\"forminator-field-email-1_69fb685788952\" class=\"forminator-input forminator-email--field\" data-required=\"1\" aria-required=\"true\" autocomplete=\"email\" \/><\/div><\/div><\/div><div class=\"forminator-row\"><div id=\"text-1\" class=\"forminator-field-text forminator-col forminator-col-6 \"><div class=\"forminator-field\"><label for=\"forminator-field-text-1_69fb685788952\" id=\"forminator-field-text-1_69fb685788952-label\" class=\"forminator-label\">DNI ou CIF <span class=\"forminator-required\">*<\/span><\/label><input type=\"text\" name=\"text-1\" value=\"\" placeholder=\"\" id=\"forminator-field-text-1_69fb685788952\" class=\"forminator-input forminator-name--field\" data-required=\"1\" \/><\/div><\/div><div id=\"date-1\" class=\"forminator-field-date forminator-col forminator-col-6 \"><div class=\"forminator-field\"><label for=\"forminator-field-date-1-picker_69fb685788952\" id=\"forminator-field-date-1-picker_69fb685788952-label\" class=\"forminator-label\">Data de nacemento <span class=\"forminator-required\">*<\/span><\/label><div class=\"forminator-input-with-icon\"><span class=\"forminator-icon-calendar\" aria-hidden=\"true\"><\/span><input autocomplete=\"off\" type=\"text\" size=\"1\" name=\"date-1\" value=\"\" placeholder=\"Escoller data\" id=\"forminator-field-date-1-picker_69fb685788952\" class=\"forminator-input forminator-datepicker\" data-required=\"1\" data-format=\"dd\/mm\/yy\" data-restrict-type=\"\" data-restrict=\"\" data-start-year=\"1926\" data-end-year=\"2126\" data-past-dates=\"enable\" data-start-of-week=\"1\" data-start-date=\"\" data-end-date=\"\" data-start-field=\"\" data-end-field=\"\" data-start-offset=\"\" data-end-offset=\"\" data-disable-date=\"\" data-disable-range=\"\" \/><\/div><\/div><\/div><\/div><div class=\"forminator-row\"><div id=\"select-1\" class=\"forminator-field-select forminator-col forminator-col-12 \"><div class=\"forminator-field\"><label for=\"forminator-form-399__field--select-1_69fb685788952\" id=\"forminator-form-399__field--select-1_69fb685788952-label\" class=\"forminator-label\">Tipo de Seguro<\/label><select  id=\"forminator-form-399__field--select-1_69fb685788952\" class=\"forminator-select--field forminator-select2 forminator-select2-multiple\" data-required=\"\" name=\"select-1\" data-default-value=\"\" data-hidden-behavior=\"zero\" data-placeholder=\"\" data-search=\"false\" data-search-placeholder=\"\" data-checkbox=\"false\" data-allow-clear=\"false\" aria-labelledby=\"forminator-form-399__field--select-1_69fb685788952-label\"><option value=\"one\"  data-calculation=\"0\">Vida<\/option><option value=\"two\"  data-calculation=\"0\">Auto<\/option><option value=\"Fogar\"  data-calculation=\"0\">Fogar<\/option><option value=\"Salud\"  data-calculation=\"0\">Salud<\/option><option value=\"Mascotas\"  data-calculation=\"0\">Mascotas<\/option><option value=\"Viaxes\"  data-calculation=\"0\">Viaxes<\/option><option value=\"Responsabilidade-Civil\"  data-calculation=\"0\">Responsabilidade Civil<\/option><option value=\"Comercios\"  data-calculation=\"0\">Comercios<\/option><option value=\"Comunidades\"  data-calculation=\"0\">Comunidades<\/option><\/select><\/div><\/div><\/div><div class=\"forminator-row\"><div id=\"textarea-1\" class=\"forminator-field-textarea forminator-col forminator-col-12 \"><div class=\"forminator-field\"><label for=\"forminator-field-textarea-1_69fb685788952\" id=\"forminator-field-textarea-1_69fb685788952-label\" class=\"forminator-label\">Comentarios <span class=\"forminator-required\">*<\/span><\/label><textarea name=\"textarea-1\" placeholder=\"\" id=\"forminator-field-textarea-1_69fb685788952\" class=\"forminator-textarea\" rows=\"6\" style=\"--forminator-textarea-min-height:140px;\" ><\/textarea><\/div><\/div><\/div><input type=\"hidden\" name=\"referer_url\" value=\"\" \/><div class=\"forminator-row forminator-row-last\"><div class=\"forminator-col\"><div class=\"forminator-field\"><button class=\"forminator-button forminator-button-submit\">Enviar<\/button><\/div><\/div><\/div><input type=\"hidden\" id=\"forminator_nonce\" name=\"forminator_nonce\" value=\"26470e8c22\" \/><input type=\"hidden\" name=\"_wp_http_referer\" value=\"\/es\/wp-json\/wp\/v2\/pages\/599\" \/><input type=\"hidden\" name=\"form_id\" value=\"399\"><input type=\"hidden\" name=\"page_id\" value=\"599\"><input type=\"hidden\" name=\"form_type\" value=\"default\"><input type=\"hidden\" name=\"current_url\" value=\"https:\/\/brenllaseguros.gal\/es\/seguros\/salud\/\"><input type=\"hidden\" name=\"render_id\" value=\"0\"><input type=\"hidden\" name=\"action\" value=\"forminator_submit_form_custom-forms\"><\/form><\/h4>\n<p>[\/et_pb_text][\/et_pb_column][\/et_pb_row][\/et_pb_section]<\/p>\n","protected":false},"excerpt":{"rendered":"<p>Seguro SaludSeguro de Salud \u00bfQu\u00e9 es el seguro m\u00e9dico? El seguro de salud es una p\u00f3liza que te brinda acceso a servicios m\u00e9dicos y hospitalarios de calidad, cubriendo los costos asociados a consultas, tratamientos, hospitalizaciones e intervenciones quir\u00fargicas. Esta protecci\u00f3n garantiza que pueda recibir la mejor atenci\u00f3n m\u00e9dica sin preocuparse por los costos. Beneficios del [&hellip;]<\/p>\n","protected":false},"author":1,"featured_media":572,"parent":592,"menu_order":0,"comment_status":"closed","ping_status":"closed","template":"","meta":{"_et_pb_use_builder":"on","_et_pb_old_content":"","_et_gb_content_width":"","footnotes":""},"class_list":["post-599","page","type-page","status-publish","has-post-thumbnail","hentry"],"yoast_head":"<!-- This site is optimized with the Yoast SEO plugin v27.4 - https:\/\/yoast.com\/product\/yoast-seo-wordpress\/ -->\n<title>Salud - Brenlla Seguros, Corredur\u00eda de seguros en Santiago de Compostela<\/title>\n<meta name=\"description\" content=\"Cuida tu salud con Brenlla Seguros. Cobertura m\u00e9dica integral y atenci\u00f3n personalizada para garantizar tu bienestar.\" \/>\n<meta name=\"robots\" content=\"index, follow, max-snippet:-1, max-image-preview:large, max-video-preview:-1\" \/>\n<link rel=\"canonical\" href=\"https:\/\/brenllaseguros.gal\/es\/seguros\/salud\/\" \/>\n<meta property=\"og:locale\" content=\"es_ES\" \/>\n<meta property=\"og:type\" content=\"article\" \/>\n<meta property=\"og:title\" content=\"Salud - Brenlla Seguros, Corredur\u00eda de seguros en Santiago de Compostela\" \/>\n<meta property=\"og:description\" content=\"Cuida tu salud con Brenlla Seguros. Cobertura m\u00e9dica integral y atenci\u00f3n personalizada para garantizar tu bienestar.\" \/>\n<meta property=\"og:url\" content=\"https:\/\/brenllaseguros.gal\/es\/seguros\/salud\/\" \/>\n<meta property=\"og:site_name\" content=\"Brenlla Seguros, Corredur\u00eda de seguros en Santiago de Compostela\" \/>\n<meta property=\"article:modified_time\" content=\"2024-11-25T18:51:05+00:00\" \/>\n<meta property=\"og:image\" content=\"https:\/\/brenllaseguros.gal\/wp-content\/uploads\/2024\/07\/p-seguro-de-vida.jpg\" \/>\n\t<meta property=\"og:image:width\" content=\"300\" \/>\n\t<meta property=\"og:image:height\" content=\"200\" \/>\n\t<meta property=\"og:image:type\" content=\"image\/jpeg\" \/>\n<meta name=\"twitter:card\" content=\"summary_large_image\" \/>\n<meta name=\"twitter:label1\" content=\"Tiempo de lectura\" \/>\n\t<meta name=\"twitter:data1\" content=\"3 minutos\" \/>\n<script type=\"application\/ld+json\" class=\"yoast-schema-graph\">{\"@context\":\"https:\\\/\\\/schema.org\",\"@graph\":[{\"@type\":\"WebPage\",\"@id\":\"https:\\\/\\\/brenllaseguros.gal\\\/es\\\/seguros\\\/salud\\\/\",\"url\":\"https:\\\/\\\/brenllaseguros.gal\\\/es\\\/seguros\\\/salud\\\/\",\"name\":\"Salud - Brenlla Seguros, Corredur\u00eda de seguros en Santiago de Compostela\",\"isPartOf\":{\"@id\":\"https:\\\/\\\/brenllaseguros.gal\\\/#website\"},\"primaryImageOfPage\":{\"@id\":\"https:\\\/\\\/brenllaseguros.gal\\\/es\\\/seguros\\\/salud\\\/#primaryimage\"},\"image\":{\"@id\":\"https:\\\/\\\/brenllaseguros.gal\\\/es\\\/seguros\\\/salud\\\/#primaryimage\"},\"thumbnailUrl\":\"https:\\\/\\\/brenllaseguros.gal\\\/wp-content\\\/uploads\\\/2024\\\/07\\\/seguro-de-salud.jpg\",\"datePublished\":\"2024-07-09T12:46:42+00:00\",\"dateModified\":\"2024-11-25T18:51:05+00:00\",\"description\":\"Cuida tu salud con Brenlla Seguros. Cobertura m\u00e9dica integral y atenci\u00f3n personalizada para garantizar tu bienestar.\",\"breadcrumb\":{\"@id\":\"https:\\\/\\\/brenllaseguros.gal\\\/es\\\/seguros\\\/salud\\\/#breadcrumb\"},\"inLanguage\":\"es\",\"potentialAction\":[{\"@type\":\"ReadAction\",\"target\":[\"https:\\\/\\\/brenllaseguros.gal\\\/es\\\/seguros\\\/salud\\\/\"]}]},{\"@type\":\"ImageObject\",\"inLanguage\":\"es\",\"@id\":\"https:\\\/\\\/brenllaseguros.gal\\\/es\\\/seguros\\\/salud\\\/#primaryimage\",\"url\":\"https:\\\/\\\/brenllaseguros.gal\\\/wp-content\\\/uploads\\\/2024\\\/07\\\/seguro-de-salud.jpg\",\"contentUrl\":\"https:\\\/\\\/brenllaseguros.gal\\\/wp-content\\\/uploads\\\/2024\\\/07\\\/seguro-de-salud.jpg\",\"width\":1111,\"height\":741},{\"@type\":\"BreadcrumbList\",\"@id\":\"https:\\\/\\\/brenllaseguros.gal\\\/es\\\/seguros\\\/salud\\\/#breadcrumb\",\"itemListElement\":[{\"@type\":\"ListItem\",\"position\":1,\"name\":\"Portada\",\"item\":\"https:\\\/\\\/brenllaseguros.gal\\\/es\\\/\"},{\"@type\":\"ListItem\",\"position\":2,\"name\":\"Seguros\",\"item\":\"https:\\\/\\\/brenllaseguros.gal\\\/es\\\/seguros\\\/\"},{\"@type\":\"ListItem\",\"position\":3,\"name\":\"Salud\"}]},{\"@type\":\"WebSite\",\"@id\":\"https:\\\/\\\/brenllaseguros.gal\\\/#website\",\"url\":\"https:\\\/\\\/brenllaseguros.gal\\\/\",\"name\":\"Brenlla Seguros, Corredur\u00eda de seguros en Santiago de Compostela\",\"description\":\"\",\"potentialAction\":[{\"@type\":\"SearchAction\",\"target\":{\"@type\":\"EntryPoint\",\"urlTemplate\":\"https:\\\/\\\/brenllaseguros.gal\\\/?s={search_term_string}\"},\"query-input\":{\"@type\":\"PropertyValueSpecification\",\"valueRequired\":true,\"valueName\":\"search_term_string\"}}],\"inLanguage\":\"es\"}]}<\/script>\n<!-- \/ Yoast SEO plugin. -->","yoast_head_json":{"title":"Salud - Brenlla Seguros, Corredur\u00eda de seguros en Santiago de Compostela","description":"Cuida tu salud con Brenlla Seguros. Cobertura m\u00e9dica integral y atenci\u00f3n personalizada para garantizar tu bienestar.","robots":{"index":"index","follow":"follow","max-snippet":"max-snippet:-1","max-image-preview":"max-image-preview:large","max-video-preview":"max-video-preview:-1"},"canonical":"https:\/\/brenllaseguros.gal\/es\/seguros\/salud\/","og_locale":"es_ES","og_type":"article","og_title":"Salud - Brenlla Seguros, Corredur\u00eda de seguros en Santiago de Compostela","og_description":"Cuida tu salud con Brenlla Seguros. Cobertura m\u00e9dica integral y atenci\u00f3n personalizada para garantizar tu bienestar.","og_url":"https:\/\/brenllaseguros.gal\/es\/seguros\/salud\/","og_site_name":"Brenlla Seguros, Corredur\u00eda de seguros en Santiago de Compostela","article_modified_time":"2024-11-25T18:51:05+00:00","og_image":[{"width":300,"height":200,"url":"https:\/\/brenllaseguros.gal\/wp-content\/uploads\/2024\/07\/p-seguro-de-vida.jpg","type":"image\/jpeg"}],"twitter_card":"summary_large_image","twitter_misc":{"Tiempo de lectura":"3 minutos"},"schema":{"@context":"https:\/\/schema.org","@graph":[{"@type":"WebPage","@id":"https:\/\/brenllaseguros.gal\/es\/seguros\/salud\/","url":"https:\/\/brenllaseguros.gal\/es\/seguros\/salud\/","name":"Salud - Brenlla Seguros, Corredur\u00eda de seguros en Santiago de Compostela","isPartOf":{"@id":"https:\/\/brenllaseguros.gal\/#website"},"primaryImageOfPage":{"@id":"https:\/\/brenllaseguros.gal\/es\/seguros\/salud\/#primaryimage"},"image":{"@id":"https:\/\/brenllaseguros.gal\/es\/seguros\/salud\/#primaryimage"},"thumbnailUrl":"https:\/\/brenllaseguros.gal\/wp-content\/uploads\/2024\/07\/seguro-de-salud.jpg","datePublished":"2024-07-09T12:46:42+00:00","dateModified":"2024-11-25T18:51:05+00:00","description":"Cuida tu salud con Brenlla Seguros. Cobertura m\u00e9dica integral y atenci\u00f3n personalizada para garantizar tu bienestar.","breadcrumb":{"@id":"https:\/\/brenllaseguros.gal\/es\/seguros\/salud\/#breadcrumb"},"inLanguage":"es","potentialAction":[{"@type":"ReadAction","target":["https:\/\/brenllaseguros.gal\/es\/seguros\/salud\/"]}]},{"@type":"ImageObject","inLanguage":"es","@id":"https:\/\/brenllaseguros.gal\/es\/seguros\/salud\/#primaryimage","url":"https:\/\/brenllaseguros.gal\/wp-content\/uploads\/2024\/07\/seguro-de-salud.jpg","contentUrl":"https:\/\/brenllaseguros.gal\/wp-content\/uploads\/2024\/07\/seguro-de-salud.jpg","width":1111,"height":741},{"@type":"BreadcrumbList","@id":"https:\/\/brenllaseguros.gal\/es\/seguros\/salud\/#breadcrumb","itemListElement":[{"@type":"ListItem","position":1,"name":"Portada","item":"https:\/\/brenllaseguros.gal\/es\/"},{"@type":"ListItem","position":2,"name":"Seguros","item":"https:\/\/brenllaseguros.gal\/es\/seguros\/"},{"@type":"ListItem","position":3,"name":"Salud"}]},{"@type":"WebSite","@id":"https:\/\/brenllaseguros.gal\/#website","url":"https:\/\/brenllaseguros.gal\/","name":"Brenlla Seguros, Corredur\u00eda de seguros en Santiago de Compostela","description":"","potentialAction":[{"@type":"SearchAction","target":{"@type":"EntryPoint","urlTemplate":"https:\/\/brenllaseguros.gal\/?s={search_term_string}"},"query-input":{"@type":"PropertyValueSpecification","valueRequired":true,"valueName":"search_term_string"}}],"inLanguage":"es"}]}},"_links":{"self":[{"href":"https:\/\/brenllaseguros.gal\/es\/wp-json\/wp\/v2\/pages\/599","targetHints":{"allow":["GET"]}}],"collection":[{"href":"https:\/\/brenllaseguros.gal\/es\/wp-json\/wp\/v2\/pages"}],"about":[{"href":"https:\/\/brenllaseguros.gal\/es\/wp-json\/wp\/v2\/types\/page"}],"author":[{"embeddable":true,"href":"https:\/\/brenllaseguros.gal\/es\/wp-json\/wp\/v2\/users\/1"}],"replies":[{"embeddable":true,"href":"https:\/\/brenllaseguros.gal\/es\/wp-json\/wp\/v2\/comments?post=599"}],"version-history":[{"count":3,"href":"https:\/\/brenllaseguros.gal\/es\/wp-json\/wp\/v2\/pages\/599\/revisions"}],"predecessor-version":[{"id":757,"href":"https:\/\/brenllaseguros.gal\/es\/wp-json\/wp\/v2\/pages\/599\/revisions\/757"}],"up":[{"embeddable":true,"href":"https:\/\/brenllaseguros.gal\/es\/wp-json\/wp\/v2\/pages\/592"}],"wp:featuredmedia":[{"embeddable":true,"href":"https:\/\/brenllaseguros.gal\/es\/wp-json\/wp\/v2\/media\/572"}],"wp:attachment":[{"href":"https:\/\/brenllaseguros.gal\/es\/wp-json\/wp\/v2\/media?parent=599"}],"curies":[{"name":"wp","href":"https:\/\/api.w.org\/{rel}","templated":true}]}}